{"id":61941,"date":"2026-03-01T23:06:04","date_gmt":"2026-03-01T20:06:04","guid":{"rendered":"https:\/\/zencospa.ro\/?page_id=61941"},"modified":"2026-03-01T23:18:51","modified_gmt":"2026-03-01T20:18:51","slug":"spring-detox","status":"publish","type":"page","link":"https:\/\/zencospa.ro\/en\/spring-detox\/","title":{"rendered":"Spring DETOX"},"content":{"rendered":"<div id=\"fws_69e348ed2e530\"  data-column-margin=\"default\" data-midnight=\"dark\"  class=\"wpb_row vc_row-fluid vc_row\"  style=\"padding-top: 0px; padding-bottom: 0px; \"><div class=\"row-bg-wrap\" data-bg-animation=\"none\" data-bg-animation-delay=\"\" data-bg-overlay=\"false\"><div class=\"inner-wrap row-bg-layer\" ><div class=\"row-bg viewport-desktop\"  style=\"\"><\/div><\/div><\/div><div class=\"row_col_wrap_12 col span_12 dark left\">\n\t<div  class=\"vc_col-sm-12 wpb_column column_container vc_column_container col no-extra-padding inherit_tablet inherit_phone\"  data-padding-pos=\"all\" data-has-bg-color=\"false\" data-bg-color=\"\" data-bg-opacity=\"1\" data-animation=\"\" data-delay=\"0\" >\n\t\t<div class=\"vc_column-inner\" >\n\t\t\t<div class=\"wpb_wrapper\">\n\t\t\t\t\n<div class=\"wpb_text_column wpb_content_element\" >\n\t<div class=\"wpb_wrapper\">\n\t\t<h2 style=\"text-align: center;\"><strong>Spring DETOX<\/strong><\/h2>\n\t<\/div>\n<\/div>\n\n\n\n\n\t\t\t<\/div> \n\t\t<\/div>\n\t<\/div> \n<\/div><\/div>\n\t\t<div id=\"fws_69e348ed2ea1d\"  data-column-margin=\"default\" data-midnight=\"dark\"  class=\"wpb_row vc_row-fluid vc_row\"  style=\"padding-top: 0px; padding-bottom: 0px; \"><div class=\"row-bg-wrap\" data-bg-animation=\"none\" data-bg-animation-delay=\"\" data-bg-overlay=\"false\"><div class=\"inner-wrap row-bg-layer\" ><div class=\"row-bg viewport-desktop\"  style=\"\"><\/div><\/div><\/div><div class=\"row_col_wrap_12 col span_12 dark left\">\n\t<div  class=\"vc_col-sm-6 wpb_column column_container vc_column_container col no-extra-padding inherit_tablet inherit_phone\"  data-padding-pos=\"all\" data-has-bg-color=\"false\" data-bg-color=\"\" data-bg-opacity=\"1\" data-animation=\"\" data-delay=\"0\" >\n\t\t<div class=\"vc_column-inner\" >\n\t\t\t<div class=\"wpb_wrapper\">\n\t\t\t\t<div class=\"img-with-aniamtion-wrap\" data-max-width=\"100%\" data-max-width-mobile=\"default\" data-shadow=\"none\" data-animation=\"none\" >\n      <div class=\"inner\">\n        <div class=\"hover-wrap\"> \n          <div class=\"hover-wrap-inner\">\n            <img loading=\"lazy\" decoding=\"async\" class=\"img-with-animation skip-lazy\" data-delay=\"0\" height=\"1066\" width=\"1600\" data-animation=\"none\" src=\"https:\/\/zencospa.ro\/wp-content\/uploads\/2026\/03\/WhatsApp-Image-2026-02-25-at-17.20.28.jpeg\" alt=\"\" srcset=\"https:\/\/zencospa.ro\/wp-content\/uploads\/2026\/03\/WhatsApp-Image-2026-02-25-at-17.20.28.jpeg 1600w, https:\/\/zencospa.ro\/wp-content\/uploads\/2026\/03\/WhatsApp-Image-2026-02-25-at-17.20.28-900x600.jpeg 900w, https:\/\/zencospa.ro\/wp-content\/uploads\/2026\/03\/WhatsApp-Image-2026-02-25-at-17.20.28-1200x800.jpeg 1200w, https:\/\/zencospa.ro\/wp-content\/uploads\/2026\/03\/WhatsApp-Image-2026-02-25-at-17.20.28-768x512.jpeg 768w, https:\/\/zencospa.ro\/wp-content\/uploads\/2026\/03\/WhatsApp-Image-2026-02-25-at-17.20.28-1536x1023.jpeg 1536w, https:\/\/zencospa.ro\/wp-content\/uploads\/2026\/03\/WhatsApp-Image-2026-02-25-at-17.20.28-18x12.jpeg 18w, https:\/\/zencospa.ro\/wp-content\/uploads\/2026\/03\/WhatsApp-Image-2026-02-25-at-17.20.28-440x293.jpeg 440w, https:\/\/zencospa.ro\/wp-content\/uploads\/2026\/03\/WhatsApp-Image-2026-02-25-at-17.20.28-700x466.jpeg 700w\" sizes=\"auto, (max-width: 1600px) 100vw, 1600px\" \/>\n          <\/div>\n        <\/div>\n      <\/div>\n    <\/div>\n\t\t\t<\/div> \n\t\t<\/div>\n\t<\/div> \n\n\t<div  class=\"vc_col-sm-6 wpb_column column_container vc_column_container col no-extra-padding inherit_tablet inherit_phone\"  data-padding-pos=\"all\" data-has-bg-color=\"false\" data-bg-color=\"\" data-bg-opacity=\"1\" data-animation=\"\" data-delay=\"0\" >\n\t\t<div class=\"vc_column-inner\" >\n\t\t\t<div class=\"wpb_wrapper\">\n\t\t\t\t\n<div class=\"wpb_text_column wpb_content_element\" >\n\t<div class=\"wpb_wrapper\">\n\t\t<h3><strong>Ce este Spring DETOX<\/strong><\/h3>\n<p><strong>Spring DETOX<\/strong> este un ritual intensiv de purificare \u0219i revitalizare, creat special pentru a sus\u021bine procesul natural de detoxifiere al organismului odat\u0103 cu venirea prim\u0103verii.<\/p>\n<p>Aceast\u0103 terapie combin\u0103 trei etape esen\u021biale: c\u0103ldura profund\u0103 a saunei, exfolierea delicat\u0103 cu scrub organic -diverse arome de prim\u0103var\u0103 &#8211; \u0219i un masaj Deep Tissue cu efect terapeutic. \u00cempreun\u0103, ele formeaz\u0103 un protocol complet care stimuleaz\u0103 eliminarea toxinelor, reactiveaz\u0103 circula\u021bia \u0219i elibereaz\u0103 tensiunile musculare acumulate.<\/p>\n<p class=\"ppb_title\">Spring DETOX este tratamentul ideal pentru resetarea corpului dup\u0103 sezonul rece, oferind o senza\u021bie intens\u0103 de cur\u0103\u021bare, u\u0219urin\u021b\u0103 \u0219i reenergizare.<\/p>\n\t<\/div>\n<\/div>\n\n\n\n\n\t\t\t<\/div> \n\t\t<\/div>\n\t<\/div> \n<\/div><\/div>\n\t\t<div id=\"fws_69e348ed2f517\"  data-column-margin=\"default\" data-midnight=\"dark\"  class=\"wpb_row vc_row-fluid vc_row\"  style=\"padding-top: 0px; padding-bottom: 0px; \"><div class=\"row-bg-wrap\" data-bg-animation=\"none\" data-bg-animation-delay=\"\" data-bg-overlay=\"false\"><div class=\"inner-wrap row-bg-layer\" ><div class=\"row-bg viewport-desktop\"  style=\"\"><\/div><\/div><\/div><div class=\"row_col_wrap_12 col span_12 dark left\">\n\t<div  class=\"vc_col-sm-12 wpb_column column_container vc_column_container col no-extra-padding inherit_tablet inherit_phone\"  data-padding-pos=\"all\" data-has-bg-color=\"false\" data-bg-color=\"\" data-bg-opacity=\"1\" data-animation=\"\" data-delay=\"0\" >\n\t\t<div class=\"vc_column-inner\" >\n\t\t\t<div class=\"wpb_wrapper\">\n\t\t\t\t\n<div class=\"wpb_text_column wpb_content_element\" >\n\t<div class=\"wpb_wrapper\">\n\t\t<h3 style=\"text-align: center;\">Pricing &amp; Programming<\/h3>\n<p style=\"text-align: center;\">Enjoy complete well-being, harmony and absolute relaxation!<\/p>\n\t<\/div>\n<\/div>\n\n\n\n\n\t\t\t<\/div> \n\t\t<\/div>\n\t<\/div> \n<\/div><\/div>\n\t\t<div id=\"fws_69e348ed2f737\"  data-column-margin=\"default\" data-midnight=\"dark\"  class=\"wpb_row vc_row-fluid vc_row\"  style=\"padding-top: 0px; padding-bottom: 0px; \"><div class=\"row-bg-wrap\" data-bg-animation=\"none\" data-bg-animation-delay=\"\" data-bg-overlay=\"false\"><div class=\"inner-wrap row-bg-layer\" ><div class=\"row-bg viewport-desktop\"  style=\"\"><\/div><\/div><\/div><div class=\"row_col_wrap_12 col span_12 dark left\">\n\t<div  class=\"vc_col-sm-2 wpb_column column_container vc_column_container col no-extra-padding inherit_tablet inherit_phone\"  data-padding-pos=\"all\" data-has-bg-color=\"false\" data-bg-color=\"\" data-bg-opacity=\"1\" data-animation=\"\" data-delay=\"0\" >\n\t\t<div class=\"vc_column-inner\" >\n\t\t\t<div class=\"wpb_wrapper\">\n\t\t\t\t\n\t\t\t<\/div> \n\t\t<\/div>\n\t<\/div> \n\n\t<div  class=\"vc_col-sm-8 wpb_column column_container vc_column_container col no-extra-padding inherit_tablet inherit_phone\"  data-padding-pos=\"all\" data-has-bg-color=\"false\" data-bg-color=\"\" data-bg-opacity=\"1\" data-animation=\"\" data-delay=\"0\" >\n\t\t<div class=\"vc_column-inner\" >\n\t\t\t<div class=\"wpb_wrapper\">\n\t\t\t\t<div id=\"fws_69e348ed2fa24\" data-midnight=\"\" data-column-margin=\"default\" class=\"wpb_row vc_row-fluid vc_row inner_row\"  style=\"\"><div class=\"row-bg-wrap\"> <div class=\"row-bg\" ><\/div> <\/div><div class=\"row_col_wrap_12_inner col span_12  left\">\n\t<div style=\"margin-top: 20px; margin-bottom: 20px; \" class=\"vc_col-sm-6 wpb_column column_container vc_column_container col child_column centered-text no-extra-padding inherit_tablet inherit_phone\"   data-border-animation=\"true\" data-border-animation-delay=\"\" data-border-width=\"2px\" data-border-style=\"solid\" data-border-color=\"#0a0a0a\" data-padding-pos=\"all\" data-has-bg-color=\"false\" data-bg-color=\"\" data-bg-opacity=\"1\" data-animation=\"\" data-delay=\"0\" >\n\t\t<div class=\"vc_column-inner\" style=\"border: 2px solid rgba(255,255,255,0); \"><span class=\"border-wrap\" style=\"border-color: #0a0a0a;\"><span class=\"border-top\"><\/span><span class=\"border-right\"><\/span><span class=\"border-bottom\"><\/span><span class=\"border-left\"><\/span><\/span>\n\t\t<div class=\"wpb_wrapper\">\n\t\t\t<div class=\"divider-wrap\" data-alignment=\"default\"><div style=\"height: 50px;\" class=\"divider\"><\/div><\/div>\n<div class=\"wpb_text_column wpb_content_element\" >\n\t<div class=\"wpb_wrapper\">\n\t\t<h4 class=\"vc_tta-panel-title vc_tta-controls-icon-position-left\"><span class=\"vc_tta-title-text\">90 minutes<\/span><\/h4>\n<p>445 lei<\/p>\n\t<\/div>\n<\/div>\n\n\n\n<a class=\"nectar-button large regular extra-color-1  regular-button\"  role=\"button\" style=\"margin-right: 5px; \"  href=\"\/en\/programming\/\" data-color-override=\"false\" data-hover-color-override=\"false\" data-hover-text-color-override=\"#fff\"><span>Schedule<\/span><\/a><a class=\"nectar-button large regular extra-color-1  regular-button\"  role=\"button\" style=\"margin-left: 5px;\"  href=\"\/en\/gift-card\/spring-detox\/\" data-color-override=\"false\" data-hover-color-override=\"false\" data-hover-text-color-override=\"#fff\"><span>Buy Gift Card<\/span><\/a><div class=\"divider-wrap\" data-alignment=\"default\"><div style=\"height: 50px;\" class=\"divider\"><\/div><\/div>\n\t\t<\/div> \n\t<\/div>\n\t<\/div> \n\n\t<div style=\"margin-top: 20px; margin-bottom: 20px; \" class=\"vc_col-sm-6 wpb_column column_container vc_column_container col child_column centered-text no-extra-padding inherit_tablet inherit_phone\"   data-border-animation=\"true\" data-border-animation-delay=\"\" data-border-width=\"2px\" data-border-style=\"solid\" data-border-color=\"#0a0a0a\" data-padding-pos=\"all\" data-has-bg-color=\"false\" data-bg-color=\"\" data-bg-opacity=\"1\" data-animation=\"\" data-delay=\"0\" >\n\t\t<div class=\"vc_column-inner\" style=\"border: 2px solid rgba(255,255,255,0); \"><span class=\"border-wrap\" style=\"border-color: #0a0a0a;\"><span class=\"border-top\"><\/span><span class=\"border-right\"><\/span><span class=\"border-bottom\"><\/span><span class=\"border-left\"><\/span><\/span>\n\t\t<div class=\"wpb_wrapper\">\n\t\t\t<div class=\"divider-wrap\" data-alignment=\"default\"><div style=\"height: 50px;\" class=\"divider\"><\/div><\/div>\n<div class=\"wpb_text_column wpb_content_element\" >\n\t<div class=\"wpb_wrapper\">\n\t\t<h4 class=\"vc_tta-panel-title vc_tta-controls-icon-position-left\"><span class=\"vc_tta-title-text\">120 minutes<\/span><\/h4>\n<p>570 lei<\/p>\n\t<\/div>\n<\/div>\n\n\n\n<a class=\"nectar-button large regular extra-color-1  regular-button\"  role=\"button\" style=\"margin-right: 5px; \"  href=\"\/en\/programming\/\" data-color-override=\"false\" data-hover-color-override=\"false\" data-hover-text-color-override=\"#fff\"><span>Schedule<\/span><\/a><a class=\"nectar-button large regular extra-color-1  regular-button\"  role=\"button\" style=\"margin-left: 5px;\"  href=\"\/en\/product\/spring-detox-120\/\" data-color-override=\"false\" data-hover-color-override=\"false\" data-hover-text-color-override=\"#fff\"><span>Buy Gift Card<\/span><\/a><div class=\"divider-wrap\" data-alignment=\"default\"><div style=\"height: 50px;\" class=\"divider\"><\/div><\/div>\n\t\t<\/div> \n\t<\/div>\n\t<\/div> \n<\/div><\/div>\n\t\t\t<\/div> \n\t\t<\/div>\n\t<\/div> \n\n\t<div  class=\"vc_col-sm-2 wpb_column column_container vc_column_container col no-extra-padding inherit_tablet inherit_phone\"  data-padding-pos=\"all\" data-has-bg-color=\"false\" data-bg-color=\"\" data-bg-opacity=\"1\" data-animation=\"\" data-delay=\"0\" >\n\t\t<div class=\"vc_column-inner\" >\n\t\t\t<div class=\"wpb_wrapper\">\n\t\t\t\t\n\t\t\t<\/div> \n\t\t<\/div>\n\t<\/div> \n<\/div><\/div>\n\t\t<div id=\"fws_69e348ed3086d\"  data-column-margin=\"10px\" data-midnight=\"dark\"  class=\"wpb_row vc_row-fluid vc_row\"  style=\"padding-top: 0px; padding-bottom: 0px; \"><div class=\"row-bg-wrap\" data-bg-animation=\"none\" data-bg-animation-delay=\"\" data-bg-overlay=\"false\"><div class=\"inner-wrap row-bg-layer\" ><div class=\"row-bg viewport-desktop\"  style=\"\"><\/div><\/div><\/div><div class=\"row_col_wrap_12 col span_12 dark left\">\n\t<div  class=\"vc_col-sm-6 wpb_column column_container vc_column_container col no-extra-padding inherit_tablet inherit_phone\"  data-padding-pos=\"all\" data-has-bg-color=\"false\" data-bg-color=\"\" data-bg-opacity=\"1\" data-animation=\"\" data-delay=\"0\" >\n\t\t<div class=\"vc_column-inner\" >\n\t\t\t<div class=\"wpb_wrapper\">\n\t\t\t\t\n<div class=\"wpb_text_column wpb_content_element\" >\n\t<div class=\"wpb_wrapper\">\n\t\t<h2 class=\"ppb_title\">Caracteristicile Spring DETOX<\/h2>\n<div class=\"ppb_header_content\">\n<ul>\n<li><strong>Sauna<\/strong> \u2013 c\u0103ldura controlat\u0103 stimuleaz\u0103 transpira\u021bia, deschide porii \u0219i preg\u0103te\u0219te corpul pentru etapele urm\u0103toare ale terapiei.<\/li>\n<li><strong>Scrub organic corporal<\/strong> \u2013 exfoliere natural\u0103 care \u00eendep\u0103rteaz\u0103 celulele moarte, revitalizeaz\u0103 pielea \u0219i activeaz\u0103 microcircula\u021bia.<\/li>\n<li><strong>Deep Tissue Massage<\/strong> \u2013 tehnici profunde, concentrate, care ac\u021bioneaz\u0103 asupra straturilor musculare pentru a elibera tensiunile \u0219i blocajele.<\/li>\n<li>Protocol \u00een trei pa\u0219i, conceput pentru efect detoxifiant \u0219i regenerant.<\/li>\n<li>Intensitate adaptabil\u0103 \u00een func\u021bie de nevoile \u0219i nivelul de confort al clientului.<\/li>\n<\/ul>\n<\/div>\n\t<\/div>\n<\/div>\n\n\n\n\n\t\t\t<\/div> \n\t\t<\/div>\n\t<\/div> \n\n\t<div  class=\"vc_col-sm-6 wpb_column column_container vc_column_container col no-extra-padding inherit_tablet inherit_phone\"  data-padding-pos=\"all\" data-has-bg-color=\"false\" data-bg-color=\"\" data-bg-opacity=\"1\" data-animation=\"\" data-delay=\"0\" >\n\t\t<div class=\"vc_column-inner\" >\n\t\t\t<div class=\"wpb_wrapper\">\n\t\t\t\t\n<div class=\"wpb_text_column wpb_content_element\" >\n\t<div class=\"wpb_wrapper\">\n\t\t<h2 class=\"ppb_title\">Beneficiile Spring DETOX<\/h2>\n<div class=\"ppb_header_content\">\n<p>Spring DETOX ofer\u0103 o experien\u021b\u0103 complet\u0103 de purificare \u0219i revitalizare. C\u0103ldura saunei ini\u021biaz\u0103 procesul natural de eliminare a toxinelor, preg\u0103tind corpul pentru o cur\u0103\u021bare profund\u0103. Exfolierea organic\u0103 reactiveaz\u0103 pielea, l\u0103s\u00e2nd-o neted\u0103 \u0219i parfumat\u0103, luminoas\u0103 \u0219i perfect oxigenat\u0103.<\/p>\n<p>Masajul Deep Tissue p\u0103trunde \u00een profunzimea musculaturii, dizolv\u00e2nd tensiunile persistente \u0219i red\u00e2nd mobilitatea natural\u0103 a corpului. Senza\u021bia de rigiditate este \u00eenlocuit\u0103 treptat de flexibilitate \u0219i u\u0219urin\u021b\u0103.<\/p>\n<p>La finalul terapiei, corpul se simte mai u\u0219or, mai energizat \u0219i vizibil revitalizat. Circula\u021bia este stimulat\u0103, metabolismul este sus\u021binut, iar starea general\u0103 de bine se instaleaz\u0103 natural.<\/p>\n<\/div>\n\t<\/div>\n<\/div>\n\n\n\n\n\t\t\t<\/div> \n\t\t<\/div>\n\t<\/div> \n<\/div><\/div>","protected":false},"excerpt":{"rendered":"Spring DETOX Ce este Spring DETOX Spring DETOX este un ritual intensiv de purificare \u0219i revitalizare, creat special pentru a sus\u021bine procesul natural de detoxifiere al organismului odat\u0103 cu venirea...","protected":false},"author":73,"featured_media":61942,"parent":0,"menu_order":0,"comment_status":"closed","ping_status":"closed","template":"","meta":{"footnotes":""},"class_list":["post-61941","page","type-page","status-publish","has-post-thumbnail"],"yoast_head":"<!-- This site is optimized with the Yoast SEO plugin v27.4 - https:\/\/yoast.com\/product\/yoast-seo-wordpress\/ -->\n<title>Spring DETOX - ZENco SPA<\/title>\n<meta name=\"description\" content=\"Masaj Thailandez la ZENco SPA. Descoper\u0103 cum tehnicile unice pot cre\u0219te for\u021ba, flexibilitatea \u0219i alina tensiunea muscular\" \/>\n<meta name=\"robots\" content=\"index, follow, max-snippet:-1, max-image-preview:large, max-video-preview:-1\" \/>\n<link rel=\"canonical\" href=\"https:\/\/zencospa.ro\/en\/spring-detox\/\" \/>\n<meta property=\"og:locale\" content=\"en_US\" \/>\n<meta property=\"og:type\" content=\"article\" \/>\n<meta property=\"og:title\" content=\"Spring DETOX - ZENco SPA\" \/>\n<meta property=\"og:description\" content=\"Masaj Thailandez la ZENco SPA. Descoper\u0103 cum tehnicile unice pot cre\u0219te for\u021ba, flexibilitatea \u0219i alina tensiunea muscular\" \/>\n<meta property=\"og:url\" content=\"https:\/\/zencospa.ro\/en\/spring-detox\/\" \/>\n<meta property=\"og:site_name\" content=\"ZENco SPA\" \/>\n<meta property=\"article:publisher\" content=\"https:\/\/www.facebook.com\/ZENcoSPA\/\" \/>\n<meta property=\"article:modified_time\" content=\"2026-03-01T20:18:51+00:00\" \/>\n<meta property=\"og:image\" content=\"https:\/\/zencospa.ro\/wp-content\/uploads\/2026\/03\/WhatsApp-Image-2026-02-25-at-17.20.28.jpeg\" \/>\n\t<meta property=\"og:image:width\" content=\"1600\" \/>\n\t<meta property=\"og:image:height\" content=\"1066\" \/>\n\t<meta property=\"og:image:type\" content=\"image\/jpeg\" \/>\n<meta name=\"twitter:card\" content=\"summary_large_image\" \/>\n<meta name=\"twitter:label1\" content=\"Est. reading time\" \/>\n\t<meta name=\"twitter:data1\" content=\"3 minutes\" \/>\n<script type=\"application\/ld+json\" class=\"yoast-schema-graph\">{\"@context\":\"https:\\\/\\\/schema.org\",\"@graph\":[{\"@type\":\"WebPage\",\"@id\":\"https:\\\/\\\/zencospa.ro\\\/spring-detox\\\/\",\"url\":\"https:\\\/\\\/zencospa.ro\\\/spring-detox\\\/\",\"name\":\"Spring DETOX - ZENco SPA\",\"isPartOf\":{\"@id\":\"https:\\\/\\\/zencospa.ro\\\/#website\"},\"primaryImageOfPage\":{\"@id\":\"https:\\\/\\\/zencospa.ro\\\/spring-detox\\\/#primaryimage\"},\"image\":{\"@id\":\"https:\\\/\\\/zencospa.ro\\\/spring-detox\\\/#primaryimage\"},\"thumbnailUrl\":\"https:\\\/\\\/zencospa.ro\\\/wp-content\\\/uploads\\\/2026\\\/03\\\/WhatsApp-Image-2026-02-25-at-17.20.28.jpeg\",\"datePublished\":\"2026-03-01T20:06:04+00:00\",\"dateModified\":\"2026-03-01T20:18:51+00:00\",\"description\":\"Masaj Thailandez la ZENco SPA. Descoper\u0103 cum tehnicile unice pot cre\u0219te for\u021ba, flexibilitatea \u0219i alina tensiunea muscular\",\"breadcrumb\":{\"@id\":\"https:\\\/\\\/zencospa.ro\\\/spring-detox\\\/#breadcrumb\"},\"inLanguage\":\"en-US\",\"potentialAction\":[{\"@type\":\"ReadAction\",\"target\":[\"https:\\\/\\\/zencospa.ro\\\/spring-detox\\\/\"]}]},{\"@type\":\"ImageObject\",\"inLanguage\":\"en-US\",\"@id\":\"https:\\\/\\\/zencospa.ro\\\/spring-detox\\\/#primaryimage\",\"url\":\"https:\\\/\\\/zencospa.ro\\\/wp-content\\\/uploads\\\/2026\\\/03\\\/WhatsApp-Image-2026-02-25-at-17.20.28.jpeg\",\"contentUrl\":\"https:\\\/\\\/zencospa.ro\\\/wp-content\\\/uploads\\\/2026\\\/03\\\/WhatsApp-Image-2026-02-25-at-17.20.28.jpeg\",\"width\":1600,\"height\":1066},{\"@type\":\"BreadcrumbList\",\"@id\":\"https:\\\/\\\/zencospa.ro\\\/spring-detox\\\/#breadcrumb\",\"itemListElement\":[{\"@type\":\"ListItem\",\"position\":1,\"name\":\"Prima pagin\u0103\",\"item\":\"https:\\\/\\\/zencospa.ro\\\/\"},{\"@type\":\"ListItem\",\"position\":2,\"name\":\"Spring DETOX\"}]},{\"@type\":\"WebSite\",\"@id\":\"https:\\\/\\\/zencospa.ro\\\/#website\",\"url\":\"https:\\\/\\\/zencospa.ro\\\/\",\"name\":\"ZENco SPA\",\"description\":\"\",\"potentialAction\":[{\"@type\":\"SearchAction\",\"target\":{\"@type\":\"EntryPoint\",\"urlTemplate\":\"https:\\\/\\\/zencospa.ro\\\/?s={search_term_string}\"},\"query-input\":{\"@type\":\"PropertyValueSpecification\",\"valueRequired\":true,\"valueName\":\"search_term_string\"}}],\"inLanguage\":\"en-US\"}]}<\/script>\n<!-- \/ Yoast SEO plugin. -->","yoast_head_json":{"title":"Spring DETOX - ZENco SPA","description":"Thai massage at ZENco SPA. Discover how unique techniques can increase strength, flexibility and relieve muscle tension","robots":{"index":"index","follow":"follow","max-snippet":"max-snippet:-1","max-image-preview":"max-image-preview:large","max-video-preview":"max-video-preview:-1"},"canonical":"https:\/\/zencospa.ro\/en\/spring-detox\/","og_locale":"en_US","og_type":"article","og_title":"Spring DETOX - ZENco SPA","og_description":"Masaj Thailandez la ZENco SPA. Descoper\u0103 cum tehnicile unice pot cre\u0219te for\u021ba, flexibilitatea \u0219i alina tensiunea muscular","og_url":"https:\/\/zencospa.ro\/en\/spring-detox\/","og_site_name":"ZENco SPA","article_publisher":"https:\/\/www.facebook.com\/ZENcoSPA\/","article_modified_time":"2026-03-01T20:18:51+00:00","og_image":[{"width":1600,"height":1066,"url":"https:\/\/zencospa.ro\/wp-content\/uploads\/2026\/03\/WhatsApp-Image-2026-02-25-at-17.20.28.jpeg","type":"image\/jpeg"}],"twitter_card":"summary_large_image","twitter_misc":{"Est. reading time":"3 minutes"},"schema":{"@context":"https:\/\/schema.org","@graph":[{"@type":"WebPage","@id":"https:\/\/zencospa.ro\/spring-detox\/","url":"https:\/\/zencospa.ro\/spring-detox\/","name":"Spring DETOX - ZENco SPA","isPartOf":{"@id":"https:\/\/zencospa.ro\/#website"},"primaryImageOfPage":{"@id":"https:\/\/zencospa.ro\/spring-detox\/#primaryimage"},"image":{"@id":"https:\/\/zencospa.ro\/spring-detox\/#primaryimage"},"thumbnailUrl":"https:\/\/zencospa.ro\/wp-content\/uploads\/2026\/03\/WhatsApp-Image-2026-02-25-at-17.20.28.jpeg","datePublished":"2026-03-01T20:06:04+00:00","dateModified":"2026-03-01T20:18:51+00:00","description":"Thai massage at ZENco SPA. Discover how unique techniques can increase strength, flexibility and relieve muscle tension","breadcrumb":{"@id":"https:\/\/zencospa.ro\/spring-detox\/#breadcrumb"},"inLanguage":"en-US","potentialAction":[{"@type":"ReadAction","target":["https:\/\/zencospa.ro\/spring-detox\/"]}]},{"@type":"ImageObject","inLanguage":"en-US","@id":"https:\/\/zencospa.ro\/spring-detox\/#primaryimage","url":"https:\/\/zencospa.ro\/wp-content\/uploads\/2026\/03\/WhatsApp-Image-2026-02-25-at-17.20.28.jpeg","contentUrl":"https:\/\/zencospa.ro\/wp-content\/uploads\/2026\/03\/WhatsApp-Image-2026-02-25-at-17.20.28.jpeg","width":1600,"height":1066},{"@type":"BreadcrumbList","@id":"https:\/\/zencospa.ro\/spring-detox\/#breadcrumb","itemListElement":[{"@type":"ListItem","position":1,"name":"Prima pagin\u0103","item":"https:\/\/zencospa.ro\/"},{"@type":"ListItem","position":2,"name":"Spring DETOX"}]},{"@type":"WebSite","@id":"https:\/\/zencospa.ro\/#website","url":"https:\/\/zencospa.ro\/","name":"ZENco SPA","description":"","potentialAction":[{"@type":"SearchAction","target":{"@type":"EntryPoint","urlTemplate":"https:\/\/zencospa.ro\/?s={search_term_string}"},"query-input":{"@type":"PropertyValueSpecification","valueRequired":true,"valueName":"search_term_string"}}],"inLanguage":"en-US"}]}},"_links":{"self":[{"href":"https:\/\/zencospa.ro\/en\/wp-json\/wp\/v2\/pages\/61941","targetHints":{"allow":["GET"]}}],"collection":[{"href":"https:\/\/zencospa.ro\/en\/wp-json\/wp\/v2\/pages"}],"about":[{"href":"https:\/\/zencospa.ro\/en\/wp-json\/wp\/v2\/types\/page"}],"author":[{"embeddable":true,"href":"https:\/\/zencospa.ro\/en\/wp-json\/wp\/v2\/users\/73"}],"replies":[{"embeddable":true,"href":"https:\/\/zencospa.ro\/en\/wp-json\/wp\/v2\/comments?post=61941"}],"version-history":[{"count":5,"href":"https:\/\/zencospa.ro\/en\/wp-json\/wp\/v2\/pages\/61941\/revisions"}],"predecessor-version":[{"id":61951,"href":"https:\/\/zencospa.ro\/en\/wp-json\/wp\/v2\/pages\/61941\/revisions\/61951"}],"wp:featuredmedia":[{"embeddable":true,"href":"https:\/\/zencospa.ro\/en\/wp-json\/wp\/v2\/media\/61942"}],"wp:attachment":[{"href":"https:\/\/zencospa.ro\/en\/wp-json\/wp\/v2\/media?parent=61941"}],"curies":[{"name":"wp","href":"https:\/\/api.w.org\/{rel}","templated":true}]}}