{"id":61579,"date":"2025-01-24T13:57:47","date_gmt":"2025-01-24T10:57:47","guid":{"rendered":"https:\/\/zencospa.ro\/?page_id=61579"},"modified":"2025-01-24T14:20:00","modified_gmt":"2025-01-24T11:20:00","slug":"couples-rituals","status":"publish","type":"page","link":"https:\/\/zencospa.ro\/en\/ritualuri-cupluri\/","title":{"rendered":"Couples Rituals"},"content":{"rendered":"<div id=\"fws_69e348ee1a4ef\"  data-column-margin=\"default\" data-midnight=\"dark\"  class=\"wpb_row vc_row-fluid vc_row\"  style=\"padding-top: 0px; padding-bottom: 0px; \"><div class=\"row-bg-wrap\" data-bg-animation=\"none\" data-bg-animation-delay=\"\" data-bg-overlay=\"false\"><div class=\"inner-wrap row-bg-layer\" ><div class=\"row-bg viewport-desktop\"  style=\"\"><\/div><\/div><\/div><div class=\"row_col_wrap_12 col span_12 dark left\">\n\t<div  class=\"vc_col-sm-12 wpb_column column_container vc_column_container col no-extra-padding inherit_tablet inherit_phone\"  data-padding-pos=\"all\" data-has-bg-color=\"false\" data-bg-color=\"\" data-bg-opacity=\"1\" data-animation=\"\" data-delay=\"0\" >\n\t\t<div class=\"vc_column-inner\" >\n\t\t\t<div class=\"wpb_wrapper\">\n\t\t\t\t<div class=\"nectar-split-heading\" data-align=\"center\" data-m-align=\"inherit\" data-text-effect=\"default\" data-animation-type=\"line-reveal-by-space\" data-animation-delay=\"0\" data-animation-offset=\"\" data-m-rm-animation=\"\" data-stagger=\"\" data-custom-font-size=\"false\" ><h1 >Couples Rituals<\/h1><\/div>\n<div class=\"wpb_text_column wpb_content_element\" >\n\t<div class=\"wpb_wrapper\">\n\t\t<h4 style=\"text-align: center;\"><strong>Discover a unique experience of relaxation and connection at ZENco SPA!<\/strong><\/h4>\n<p>Turn every moment spent together into an unforgettable sensory journey! At ZENco SPA, we have created special rituals for couples, designed to bring you peace, harmony and a deep connection with your loved one. In an intimate and lush atmosphere, you will feel your stress melt away and your energy synchronize perfectly. Imagine a massage session for two, scented candles, warm oils and a dreamy setting. Whether you are celebrating a special moment or simply want to pamper yourself, our rituals are the key to an unforgettable experience.<\/p>\n<p style=\"text-align: center;\"><strong>Choose to enjoy a magical moment together!<\/strong> \ud83d\udc96\u2728<\/p>\n\t<\/div>\n<\/div>\n\n\n\n\n\t\t\t<\/div> \n\t\t<\/div>\n\t<\/div> \n<\/div><\/div>\n\t\t<div id=\"fws_69e348ee1ab5f\"  data-column-margin=\"default\" data-midnight=\"dark\"  class=\"wpb_row vc_row-fluid vc_row\"  style=\"padding-top: 0px; padding-bottom: 0px; \"><div class=\"row-bg-wrap\" data-bg-animation=\"none\" data-bg-animation-delay=\"\" data-bg-overlay=\"false\"><div class=\"inner-wrap row-bg-layer\" ><div class=\"row-bg viewport-desktop\"  style=\"\"><\/div><\/div><\/div><div class=\"row_col_wrap_12 col span_12 dark left\">\n\t<div  class=\"vc_col-sm-4 wpb_column column_container vc_column_container col no-extra-padding inherit_tablet inherit_phone\"  data-padding-pos=\"all\" data-has-bg-color=\"false\" data-bg-color=\"\" data-bg-opacity=\"1\" data-animation=\"\" data-delay=\"0\" >\n\t\t<div class=\"vc_column-inner\" >\n\t\t\t<div class=\"wpb_wrapper\">\n\t\t\t\t<div class=\"nectar-fancy-box style-5 using-img  has-animation overlay_0b473a\" data-align=\"bottom\" data-overlay-opacity=\"0.6\" data-overlay-opacity-hover=\"0.3\" data-style=\"parallax_hover\" data-border-radius=\"default\" data-animation=\"grow-in\" data-delay=\"0\" data-color=\"accent-color\"><a target=\"_blank\" href=\"https:\/\/zencospa.ro\/en\/couple-massage\/\" class=\"box-link\"><\/a><div class=\"parallaxImg\"><div class=\"parallaxImg-layer\" data-img=\"https:\/\/zencospa.ro\/wp-content\/uploads\/2025\/01\/masaj-pentru-cupluri.jpg\"><\/div><div class=\"parallaxImg-layer\"> <div class=\"meta-wrap\" style=\"min-height: 400px\"><div class=\"inner\">\n<h4 class=\"ppb_title\">Massage For Couples<\/h4>\n<p>Classic massages<\/div> <\/div><\/div><\/div><\/div>\n\t\t\t<\/div> \n\t\t<\/div>\n\t<\/div> \n\n\t<div  class=\"vc_col-sm-4 wpb_column column_container vc_column_container col no-extra-padding inherit_tablet inherit_phone\"  data-padding-pos=\"all\" data-has-bg-color=\"false\" data-bg-color=\"\" data-bg-opacity=\"1\" data-animation=\"\" data-delay=\"0\" >\n\t\t<div class=\"vc_column-inner\" >\n\t\t\t<div class=\"wpb_wrapper\">\n\t\t\t\t<div class=\"nectar-fancy-box style-5 using-img  has-animation overlay_0b473a\" data-align=\"bottom\" data-overlay-opacity=\"0.6\" data-overlay-opacity-hover=\"0.3\" data-style=\"parallax_hover\" data-border-radius=\"default\" data-animation=\"grow-in\" data-delay=\"0\" data-color=\"accent-color\"><a target=\"_blank\" href=\"https:\/\/zencospa.ro\/en\/thaico-spa-ritual-for-the-honeymoon\/\" class=\"box-link\"><\/a><div class=\"parallaxImg\"><div class=\"parallaxImg-layer\" data-img=\"https:\/\/zencospa.ro\/wp-content\/uploads\/2025\/01\/Ritual-SPA-pentru-Luna-de-Miere.jpg\"><\/div><div class=\"parallaxImg-layer\"> <div class=\"meta-wrap\" style=\"min-height: 400px\"><div class=\"inner\">\n<h4 class=\"ppb_title\">SPA Ritual for Honeymoon<\/h4>\n<p>Classic massages<\/div> <\/div><\/div><\/div><\/div>\n\t\t\t<\/div> \n\t\t<\/div>\n\t<\/div> \n\n\t<div  class=\"vc_col-sm-4 wpb_column column_container vc_column_container col no-extra-padding inherit_tablet inherit_phone\"  data-padding-pos=\"all\" data-has-bg-color=\"false\" data-bg-color=\"\" data-bg-opacity=\"1\" data-animation=\"\" data-delay=\"0\" >\n\t\t<div class=\"vc_column-inner\" >\n\t\t\t<div class=\"wpb_wrapper\">\n\t\t\t\t<div class=\"nectar-fancy-box style-5 using-img  has-animation overlay_0b473a\" data-align=\"bottom\" data-overlay-opacity=\"0.6\" data-overlay-opacity-hover=\"0.3\" data-style=\"parallax_hover\" data-border-radius=\"default\" data-animation=\"grow-in\" data-delay=\"0\" data-color=\"accent-color\"><a target=\"_blank\" href=\"https:\/\/zencospa.ro\/en\/four-hand-massage-with-cocoa-butter\/\" class=\"box-link\"><\/a><div class=\"parallaxImg\"><div class=\"parallaxImg-layer\" data-img=\"https:\/\/zencospa.ro\/wp-content\/uploads\/2025\/01\/Masaj-cu-unt-de-cacao-la-patru-maini.jpg\"><\/div><div class=\"parallaxImg-layer\"> <div class=\"meta-wrap\" style=\"min-height: 400px\"><div class=\"inner\">\n<h4>Massage with cocoa butter<\/h4>\n<p>Classic massages<\/div> <\/div><\/div><\/div><\/div>\n\t\t\t<\/div> \n\t\t<\/div>\n\t<\/div> \n<\/div><\/div>","protected":false},"excerpt":{"rendered":"Ritualuri Cupluri Descoper\u0103 o experien\u021b\u0103 unic\u0103 de relaxare \u0219i conexiune la ZENco SPA! Transform\u0103 fiecare moment petrecut \u00eempreun\u0103 \u00eentr-o c\u0103l\u0103torie senzorial\u0103 de neuitat! La ZENco SPA, am creat ritualuri speciale...","protected":false},"author":73,"featured_media":0,"parent":0,"menu_order":0,"comment_status":"closed","ping_status":"closed","template":"","meta":{"footnotes":""},"class_list":["post-61579","page","type-page","status-publish"],"yoast_head":"<!-- This site is optimized with the Yoast SEO plugin v27.4 - https:\/\/yoast.com\/product\/yoast-seo-wordpress\/ -->\n<title>Ritualuri Cupluri - ZENco SPA<\/title>\n<meta name=\"robots\" content=\"index, follow, max-snippet:-1, max-image-preview:large, max-video-preview:-1\" \/>\n<link rel=\"canonical\" href=\"https:\/\/zencospa.ro\/en\/couples-rituals\/\" \/>\n<meta property=\"og:locale\" content=\"en_US\" \/>\n<meta property=\"og:type\" content=\"article\" \/>\n<meta property=\"og:title\" content=\"Ritualuri Cupluri - ZENco SPA\" \/>\n<meta property=\"og:url\" content=\"https:\/\/zencospa.ro\/en\/couples-rituals\/\" \/>\n<meta property=\"og:site_name\" content=\"ZENco SPA\" \/>\n<meta property=\"article:publisher\" content=\"https:\/\/www.facebook.com\/ZENcoSPA\/\" \/>\n<meta property=\"article:modified_time\" content=\"2025-01-24T11:20:00+00:00\" \/>\n<meta name=\"twitter:card\" content=\"summary_large_image\" \/>\n<meta name=\"twitter:label1\" content=\"Est. reading time\" \/>\n\t<meta name=\"twitter:data1\" content=\"2 minutes\" \/>\n<script type=\"application\/ld+json\" class=\"yoast-schema-graph\">{\"@context\":\"https:\\\/\\\/schema.org\",\"@graph\":[{\"@type\":\"WebPage\",\"@id\":\"https:\\\/\\\/zencospa.ro\\\/ritualuri-cupluri\\\/\",\"url\":\"https:\\\/\\\/zencospa.ro\\\/ritualuri-cupluri\\\/\",\"name\":\"Ritualuri Cupluri - ZENco SPA\",\"isPartOf\":{\"@id\":\"https:\\\/\\\/zencospa.ro\\\/#website\"},\"datePublished\":\"2025-01-24T10:57:47+00:00\",\"dateModified\":\"2025-01-24T11:20:00+00:00\",\"breadcrumb\":{\"@id\":\"https:\\\/\\\/zencospa.ro\\\/ritualuri-cupluri\\\/#breadcrumb\"},\"inLanguage\":\"en-US\",\"potentialAction\":[{\"@type\":\"ReadAction\",\"target\":[\"https:\\\/\\\/zencospa.ro\\\/ritualuri-cupluri\\\/\"]}]},{\"@type\":\"BreadcrumbList\",\"@id\":\"https:\\\/\\\/zencospa.ro\\\/ritualuri-cupluri\\\/#breadcrumb\",\"itemListElement\":[{\"@type\":\"ListItem\",\"position\":1,\"name\":\"Prima pagin\u0103\",\"item\":\"https:\\\/\\\/zencospa.ro\\\/\"},{\"@type\":\"ListItem\",\"position\":2,\"name\":\"Ritualuri Cupluri\"}]},{\"@type\":\"WebSite\",\"@id\":\"https:\\\/\\\/zencospa.ro\\\/#website\",\"url\":\"https:\\\/\\\/zencospa.ro\\\/\",\"name\":\"ZENco SPA\",\"description\":\"\",\"potentialAction\":[{\"@type\":\"SearchAction\",\"target\":{\"@type\":\"EntryPoint\",\"urlTemplate\":\"https:\\\/\\\/zencospa.ro\\\/?s={search_term_string}\"},\"query-input\":{\"@type\":\"PropertyValueSpecification\",\"valueRequired\":true,\"valueName\":\"search_term_string\"}}],\"inLanguage\":\"en-US\"}]}<\/script>\n<!-- \/ Yoast SEO plugin. -->","yoast_head_json":{"title":"Couples Rituals - ZENco SPA","robots":{"index":"index","follow":"follow","max-snippet":"max-snippet:-1","max-image-preview":"max-image-preview:large","max-video-preview":"max-video-preview:-1"},"canonical":"https:\/\/zencospa.ro\/en\/couples-rituals\/","og_locale":"en_US","og_type":"article","og_title":"Ritualuri Cupluri - ZENco SPA","og_url":"https:\/\/zencospa.ro\/en\/couples-rituals\/","og_site_name":"ZENco SPA","article_publisher":"https:\/\/www.facebook.com\/ZENcoSPA\/","article_modified_time":"2025-01-24T11:20:00+00:00","twitter_card":"summary_large_image","twitter_misc":{"Est. reading time":"2 minutes"},"schema":{"@context":"https:\/\/schema.org","@graph":[{"@type":"WebPage","@id":"https:\/\/zencospa.ro\/ritualuri-cupluri\/","url":"https:\/\/zencospa.ro\/ritualuri-cupluri\/","name":"Couples Rituals - ZENco SPA","isPartOf":{"@id":"https:\/\/zencospa.ro\/#website"},"datePublished":"2025-01-24T10:57:47+00:00","dateModified":"2025-01-24T11:20:00+00:00","breadcrumb":{"@id":"https:\/\/zencospa.ro\/ritualuri-cupluri\/#breadcrumb"},"inLanguage":"en-US","potentialAction":[{"@type":"ReadAction","target":["https:\/\/zencospa.ro\/ritualuri-cupluri\/"]}]},{"@type":"BreadcrumbList","@id":"https:\/\/zencospa.ro\/ritualuri-cupluri\/#breadcrumb","itemListElement":[{"@type":"ListItem","position":1,"name":"Prima pagin\u0103","item":"https:\/\/zencospa.ro\/"},{"@type":"ListItem","position":2,"name":"Ritualuri Cupluri"}]},{"@type":"WebSite","@id":"https:\/\/zencospa.ro\/#website","url":"https:\/\/zencospa.ro\/","name":"ZENco SPA","description":"","potentialAction":[{"@type":"SearchAction","target":{"@type":"EntryPoint","urlTemplate":"https:\/\/zencospa.ro\/?s={search_term_string}"},"query-input":{"@type":"PropertyValueSpecification","valueRequired":true,"valueName":"search_term_string"}}],"inLanguage":"en-US"}]}},"_links":{"self":[{"href":"https:\/\/zencospa.ro\/en\/wp-json\/wp\/v2\/pages\/61579","targetHints":{"allow":["GET"]}}],"collection":[{"href":"https:\/\/zencospa.ro\/en\/wp-json\/wp\/v2\/pages"}],"about":[{"href":"https:\/\/zencospa.ro\/en\/wp-json\/wp\/v2\/types\/page"}],"author":[{"embeddable":true,"href":"https:\/\/zencospa.ro\/en\/wp-json\/wp\/v2\/users\/73"}],"replies":[{"embeddable":true,"href":"https:\/\/zencospa.ro\/en\/wp-json\/wp\/v2\/comments?post=61579"}],"version-history":[{"count":6,"href":"https:\/\/zencospa.ro\/en\/wp-json\/wp\/v2\/pages\/61579\/revisions"}],"predecessor-version":[{"id":61592,"href":"https:\/\/zencospa.ro\/en\/wp-json\/wp\/v2\/pages\/61579\/revisions\/61592"}],"wp:attachment":[{"href":"https:\/\/zencospa.ro\/en\/wp-json\/wp\/v2\/media?parent=61579"}],"curies":[{"name":"wp","href":"https:\/\/api.w.org\/{rel}","templated":true}]}}