{"id":51265,"date":"2023-10-03T09:35:53","date_gmt":"2023-10-03T06:35:53","guid":{"rendered":"https:\/\/thaicospa.ro\/?page_id=51265"},"modified":"2023-10-03T09:37:15","modified_gmt":"2023-10-03T06:37:15","slug":"facial-treatment-for-problem-skin","status":"publish","type":"page","link":"https:\/\/zencospa.ro\/en\/tratamentul-facial-pentru-ten-cu-probleme\/","title":{"rendered":"Facial Treatment For Problem Skin"},"content":{"rendered":"<div  class=\"one withsmallpadding ppb_text\" style=\"text-align:left;padding:40px 0 40px 0;\" >\n<div class=\"standard_wrapper\">\n<div class=\"page_content_wrapper wide\">\n<div class=\"inner\">\n<div style=\"margin:auto;width:95%\">\n<h3 style=\"text-align: center;\">Pricing &amp; Programming<\/h3>\n<p style=\"text-align: center;\">With this new treatment, deep cleansing of the complexion can be achieved by removing impurities from the skin without attacking the tissue. It is a treatment that removes dead cells and reactivates circulation in the facial area by stimulating collagen formation and cell regeneration.<br \/>\nThis treatment is beneficial for people with acne, rashes and excess sebum. Two treatments per week are recommended.<\/p>\n<div class=\"vc_row wpb_row vc_row-fluid\">\n<div class=\"wpb_column vc_column_container vc_col-sm-4\">\n<div class=\"vc_column-inner\">\n<div class=\"wpb_wrapper\"><\/div>\n<\/div>\n<\/div>\n<div class=\"wpb_column vc_column_container vc_col-sm-4\">\n<div class=\"vc_column-inner\">\n<div class=\"wpb_wrapper\">\n<div class=\"vc_tta-container\" data-vc-action=\"collapseAll\">\n<div class=\"vc_general vc_tta vc_tta-accordion vc_tta-color-white vc_tta-style-outline vc_tta-shape-square vc_tta-o-shape-group vc_tta-controls-align-left vc_tta-o-all-clickable\">\n<div class=\"vc_tta-panels-container\">\n<div class=\"vc_tta-panels\">\n<div class=\"vc_tta-panel vc_active\" id=\"1686518100118-6478388b-2d84\" data-vc-content=\".vc_tta-panel-body\">\n<div class=\"vc_tta-panel-heading\">\n<h4 class=\"vc_tta-panel-title vc_tta-controls-icon-position-left\"><a href=\"#1686518100118-6478388b-2d84\" data-vc-accordion data-vc-container=\".vc_tta-container\"><span class=\"vc_tta-title-text\">1 hour 30 minutes<\/span><i class=\"vc_tta-controls-icon vc_tta-controls-icon-triangle\"><\/i><\/a><\/h4>\n<\/div>\n<div class=\"vc_tta-panel-body\">\n<div class=\"wpb_text_column wpb_content_element\" >\n<div class=\"wpb_wrapper\">\n<h3 style=\"text-align: center;\">490 lei<\/h3>\n<\/p><\/div><\/div>\n<div class=\"vc_row wpb_row vc_inner vc_row-fluid vc_column-gap-10 vc_row-o-equal-height vc_row-flex\">\n<div class=\"wpb_column vc_column_container vc_col-sm-12\">\n<div class=\"vc_column-inner\">\n<div class=\"wpb_wrapper\">\n<div class=\"vc_btn3-container vc_btn3-inline\" ><a onmouseleave=\"this.style.borderColor='#d4b153'; this.style.backgroundColor='transparent'; this.style.color='#d4b153'\" onmouseenter=\"this.style.borderColor='#d4b153'; this.style.backgroundColor='#d4b153'; this.style.color='#000000';\" style=\"border-color:#d4b153; color:#d4b153;\" class=\"vc_general vc_btn3 vc_btn3-size-md vc_btn3-shape-square vc_btn3-style-outline-custom\" href=\"\/en\/programming\/\" title=\"\">Schedule<\/a><\/div>\n<div class=\"vc_btn3-container vc_btn3-inline\" ><a onmouseleave=\"this.style.borderColor='#d4b153'; this.style.backgroundColor='transparent'; this.style.color='#d4b153'\" onmouseenter=\"this.style.borderColor='#d4b153'; this.style.backgroundColor='#d4b153'; this.style.color='#000000';\" style=\"border-color:#d4b153; color:#d4b153;\" class=\"vc_general vc_btn3 vc_btn3-size-md vc_btn3-shape-square vc_btn3-style-outline-custom\" href=\"\/en\/product\/treatment-for-ten-with-problems\/\" title=\"\">Buy Gift Card<\/a><\/div>\n<\/div>\n<\/div>\n<\/div>\n<\/div>\n<\/div>\n<\/div>\n<\/div>\n<\/div>\n<\/div>\n<\/div>\n<\/div>\n<\/div>\n<\/div>\n<div class=\"wpb_column vc_column_container vc_col-sm-4\">\n<div class=\"vc_column-inner\">\n<div class=\"wpb_wrapper\"><\/div>\n<\/div>\n<\/div>\n<\/div>\n<\/div>\n<\/div>\n<\/div>\n<\/div>\n<\/div>\n<div  class=\"one\" >\n<div class=\"one_half_bg parallax\" style=\"background-image:url(https:\/\/thaicospa.ro\/wp-content\/uploads\/2023\/10\/Foto-2-6-scaled.jpg);height:850px;\"><\/div>\n<div class=\"one_half_bg\" style=\"padding:80px;\">\n<h2 class=\"ppb_title\" style=\"\">Features of ZENco Treatment For Problem Skin<\/h2>\n<div class=\"ppb_header_content\">\n<p><strong>Deep cleaning<\/strong>: The treatment focuses on deep cleansing of the skin, helping to remove impurities, excess sebum and dead skin cells. It can improve the appearance and texture of the skin.<\/p>\n<p><strong>Stimulating circulation:<\/strong> Treatment includes stimulating blood circulation in the facial area. This can bring a greater flow of blood and oxygen to the skin, helping cell regeneration and stimulating collagen production.<\/p>\n<p><strong>Cell regeneration:<\/strong> By stimulating circulation and gentle exfoliation, the treatment can help cell regeneration, which can improve overall skin health and reduce signs of ageing.<\/p>\n<p><strong>Acne reduction:<\/strong> For people with acne, the treatment can help to clean out pores and control excess sebum, which can help reduce acne breakouts.<\/p>\n<\/div>\n<\/div>\n<p><br class=\"clear\"\/><\/div>\n<div  class=\"one withsmallpadding ppb_content_center_bg withbg parallax\" style=\"background-image:url(https:\/\/thaicospa.ro\/wp-content\/uploads\/2023\/10\/Foto-10-scaled.jpg);background-position: center top;height:705px;\" >\n<div class=\"one_third parallax_text\" style=\"background:#000000;background:rgb(0,0,0,0.6);background:rgba(0,0,0,0.6);;padding:10px;\" data-stellar-ratio=\"1.3\">\n<h2 class=\"ppb_title\" style=\"\">Benefits of ZENco Treatment For Problem Skin<\/h2>\n<div class=\"ppb_header_content\">\n<p><strong>Clearer and brighter skin:<\/strong> Removing dead skin cells and impurities can lead to cleaner, brighter and healthier skin.<\/p>\n<p><strong>Reduced irritation:<\/strong> The treatment can help soothe and reduce skin irritation, which is beneficial for people with sensitive or irritation-prone skin.<\/p>\n<p><strong>Sebum control:<\/strong> For people with oily skin or excess sebum problems, the treatment can help control the production of oils and prevent them from accumulating in the pores.<\/p>\n<p><strong>Visible results:<\/strong> With regular treatment (e.g. twice a week), noticeable results can be seen in the appearance and health of the skin.<\/p>\n<\/div>\n<\/div>\n<\/div>","protected":false},"excerpt":{"rendered":"<p>Pre\u021buri &#038; Programare Cu ajutorul acestui nou tratament se poate realiza cur\u0103\u021barea profund\u0103 a tenului cu \u00eendep\u0103rtarea impurit\u0103\u021bilor pielii, f\u0103r\u0103 a ataca \u021besutul. Este un tratament care elimin\u0103 celulele moarte&#8230;<\/p>","protected":false},"author":73,"featured_media":0,"parent":0,"menu_order":0,"comment_status":"closed","ping_status":"closed","template":"","meta":{"footnotes":""},"class_list":["post-51265","page","type-page","status-publish"],"yoast_head":"<!-- This site is optimized with the Yoast SEO plugin v27.4 - https:\/\/yoast.com\/product\/yoast-seo-wordpress\/ -->\n<title>Tratamentul Facial Pentru Ten Cu Probleme - ZENco SPA<\/title>\n<meta name=\"description\" content=\"Masaj Thailandez la ZENco SPA. Descoper\u0103 cum tehnicile unice pot cre\u0219te for\u021ba, flexibilitatea \u0219i alina tensiunea muscular\" \/>\n<meta name=\"robots\" content=\"index, follow, max-snippet:-1, max-image-preview:large, max-video-preview:-1\" \/>\n<link rel=\"canonical\" href=\"https:\/\/zencospa.ro\/en\/facial-treatment-for-problem-skin\/\" \/>\n<meta property=\"og:locale\" content=\"en_US\" \/>\n<meta property=\"og:type\" content=\"article\" \/>\n<meta property=\"og:title\" content=\"Tratamentul Facial Pentru Ten Cu Probleme - ZENco SPA\" \/>\n<meta property=\"og:description\" content=\"Masaj Thailandez la ZENco SPA. Descoper\u0103 cum tehnicile unice pot cre\u0219te for\u021ba, flexibilitatea \u0219i alina tensiunea muscular\" \/>\n<meta property=\"og:url\" content=\"https:\/\/zencospa.ro\/en\/facial-treatment-for-problem-skin\/\" \/>\n<meta property=\"og:site_name\" content=\"ZENco SPA\" \/>\n<meta property=\"article:publisher\" content=\"https:\/\/www.facebook.com\/ZENcoSPA\/\" \/>\n<meta property=\"article:modified_time\" content=\"2023-10-03T06:37:15+00:00\" \/>\n<meta name=\"twitter:card\" content=\"summary_large_image\" \/>\n<meta name=\"twitter:label1\" content=\"Est. reading time\" \/>\n\t<meta name=\"twitter:data1\" content=\"2 minutes\" \/>\n<script type=\"application\/ld+json\" class=\"yoast-schema-graph\">{\"@context\":\"https:\\\/\\\/schema.org\",\"@graph\":[{\"@type\":\"WebPage\",\"@id\":\"https:\\\/\\\/zencospa.ro\\\/tratamentul-facial-pentru-ten-cu-probleme\\\/\",\"url\":\"https:\\\/\\\/zencospa.ro\\\/tratamentul-facial-pentru-ten-cu-probleme\\\/\",\"name\":\"Tratamentul Facial Pentru Ten Cu Probleme - ZENco SPA\",\"isPartOf\":{\"@id\":\"https:\\\/\\\/zencospa.ro\\\/#website\"},\"datePublished\":\"2023-10-03T06:35:53+00:00\",\"dateModified\":\"2023-10-03T06:37:15+00:00\",\"description\":\"Masaj Thailandez la ZENco SPA. Descoper\u0103 cum tehnicile unice pot cre\u0219te for\u021ba, flexibilitatea \u0219i alina tensiunea muscular\",\"breadcrumb\":{\"@id\":\"https:\\\/\\\/zencospa.ro\\\/tratamentul-facial-pentru-ten-cu-probleme\\\/#breadcrumb\"},\"inLanguage\":\"en-US\",\"potentialAction\":[{\"@type\":\"ReadAction\",\"target\":[\"https:\\\/\\\/zencospa.ro\\\/tratamentul-facial-pentru-ten-cu-probleme\\\/\"]}]},{\"@type\":\"BreadcrumbList\",\"@id\":\"https:\\\/\\\/zencospa.ro\\\/tratamentul-facial-pentru-ten-cu-probleme\\\/#breadcrumb\",\"itemListElement\":[{\"@type\":\"ListItem\",\"position\":1,\"name\":\"Prima pagin\u0103\",\"item\":\"https:\\\/\\\/zencospa.ro\\\/\"},{\"@type\":\"ListItem\",\"position\":2,\"name\":\"Tratamentul Facial Pentru Ten Cu Probleme\"}]},{\"@type\":\"WebSite\",\"@id\":\"https:\\\/\\\/zencospa.ro\\\/#website\",\"url\":\"https:\\\/\\\/zencospa.ro\\\/\",\"name\":\"ZENco SPA\",\"description\":\"\",\"potentialAction\":[{\"@type\":\"SearchAction\",\"target\":{\"@type\":\"EntryPoint\",\"urlTemplate\":\"https:\\\/\\\/zencospa.ro\\\/?s={search_term_string}\"},\"query-input\":{\"@type\":\"PropertyValueSpecification\",\"valueRequired\":true,\"valueName\":\"search_term_string\"}}],\"inLanguage\":\"en-US\"}]}<\/script>\n<!-- \/ Yoast SEO plugin. -->","yoast_head_json":{"title":"Facial Treatment For Problem Skin - ZENco SPA","description":"Thai massage at ZENco SPA. Discover how unique techniques can increase strength, flexibility and relieve muscle tension","robots":{"index":"index","follow":"follow","max-snippet":"max-snippet:-1","max-image-preview":"max-image-preview:large","max-video-preview":"max-video-preview:-1"},"canonical":"https:\/\/zencospa.ro\/en\/facial-treatment-for-problem-skin\/","og_locale":"en_US","og_type":"article","og_title":"Tratamentul Facial Pentru Ten Cu Probleme - ZENco SPA","og_description":"Masaj Thailandez la ZENco SPA. Descoper\u0103 cum tehnicile unice pot cre\u0219te for\u021ba, flexibilitatea \u0219i alina tensiunea muscular","og_url":"https:\/\/zencospa.ro\/en\/facial-treatment-for-problem-skin\/","og_site_name":"ZENco SPA","article_publisher":"https:\/\/www.facebook.com\/ZENcoSPA\/","article_modified_time":"2023-10-03T06:37:15+00:00","twitter_card":"summary_large_image","twitter_misc":{"Est. reading time":"2 minutes"},"schema":{"@context":"https:\/\/schema.org","@graph":[{"@type":"WebPage","@id":"https:\/\/zencospa.ro\/tratamentul-facial-pentru-ten-cu-probleme\/","url":"https:\/\/zencospa.ro\/tratamentul-facial-pentru-ten-cu-probleme\/","name":"Facial Treatment For Problem Skin - ZENco SPA","isPartOf":{"@id":"https:\/\/zencospa.ro\/#website"},"datePublished":"2023-10-03T06:35:53+00:00","dateModified":"2023-10-03T06:37:15+00:00","description":"Thai massage at ZENco SPA. Discover how unique techniques can increase strength, flexibility and relieve muscle tension","breadcrumb":{"@id":"https:\/\/zencospa.ro\/tratamentul-facial-pentru-ten-cu-probleme\/#breadcrumb"},"inLanguage":"en-US","potentialAction":[{"@type":"ReadAction","target":["https:\/\/zencospa.ro\/tratamentul-facial-pentru-ten-cu-probleme\/"]}]},{"@type":"BreadcrumbList","@id":"https:\/\/zencospa.ro\/tratamentul-facial-pentru-ten-cu-probleme\/#breadcrumb","itemListElement":[{"@type":"ListItem","position":1,"name":"Prima pagin\u0103","item":"https:\/\/zencospa.ro\/"},{"@type":"ListItem","position":2,"name":"Tratamentul Facial Pentru Ten Cu Probleme"}]},{"@type":"WebSite","@id":"https:\/\/zencospa.ro\/#website","url":"https:\/\/zencospa.ro\/","name":"ZENco SPA","description":"","potentialAction":[{"@type":"SearchAction","target":{"@type":"EntryPoint","urlTemplate":"https:\/\/zencospa.ro\/?s={search_term_string}"},"query-input":{"@type":"PropertyValueSpecification","valueRequired":true,"valueName":"search_term_string"}}],"inLanguage":"en-US"}]}},"_links":{"self":[{"href":"https:\/\/zencospa.ro\/en\/wp-json\/wp\/v2\/pages\/51265","targetHints":{"allow":["GET"]}}],"collection":[{"href":"https:\/\/zencospa.ro\/en\/wp-json\/wp\/v2\/pages"}],"about":[{"href":"https:\/\/zencospa.ro\/en\/wp-json\/wp\/v2\/types\/page"}],"author":[{"embeddable":true,"href":"https:\/\/zencospa.ro\/en\/wp-json\/wp\/v2\/users\/73"}],"replies":[{"embeddable":true,"href":"https:\/\/zencospa.ro\/en\/wp-json\/wp\/v2\/comments?post=51265"}],"version-history":[{"count":0,"href":"https:\/\/zencospa.ro\/en\/wp-json\/wp\/v2\/pages\/51265\/revisions"}],"wp:attachment":[{"href":"https:\/\/zencospa.ro\/en\/wp-json\/wp\/v2\/media?parent=51265"}],"curies":[{"name":"wp","href":"https:\/\/api.w.org\/{rel}","templated":true}]}}