{"id":50678,"date":"2023-09-19T11:16:48","date_gmt":"2023-09-19T08:16:48","guid":{"rendered":"https:\/\/thaicospa.ro\/?page_id=50678"},"modified":"2025-08-01T20:29:13","modified_gmt":"2025-08-01T17:29:13","slug":"deep-tissue-massage","status":"publish","type":"page","link":"https:\/\/zencospa.ro\/en\/masajul-deep-tissue\/","title":{"rendered":"Deep Tissue Massage"},"content":{"rendered":"<div id=\"fws_69e227d124b53\"  data-column-margin=\"default\" data-midnight=\"dark\"  class=\"wpb_row vc_row-fluid vc_row\"  style=\"padding-top: 0px; padding-bottom: 0px; \"><div class=\"row-bg-wrap\" data-bg-animation=\"none\" data-bg-animation-delay=\"\" data-bg-overlay=\"false\"><div class=\"inner-wrap row-bg-layer\" ><div class=\"row-bg viewport-desktop\"  style=\"\"><\/div><\/div><\/div><div class=\"row_col_wrap_12 col span_12 dark left\">\n\t<div  class=\"vc_col-sm-12 wpb_column column_container vc_column_container col no-extra-padding inherit_tablet inherit_phone\"  data-padding-pos=\"all\" data-has-bg-color=\"false\" data-bg-color=\"\" data-bg-opacity=\"1\" data-animation=\"\" data-delay=\"0\" >\n\t\t<div class=\"vc_column-inner\" >\n\t\t\t<div class=\"wpb_wrapper\">\n\t\t\t\t\n<div class=\"wpb_text_column wpb_content_element\" >\n\t<div class=\"wpb_wrapper\">\n\t\t<h2 class=\"ppb_title\" style=\"text-align: center;\">Deep Tissue Massage<\/h2>\n\t<\/div>\n<\/div>\n\n\n\n\n\t\t\t<\/div> \n\t\t<\/div>\n\t<\/div> \n<\/div><\/div>\n\t\t<div id=\"fws_69e227d125423\"  data-column-margin=\"default\" data-midnight=\"dark\"  class=\"wpb_row vc_row-fluid vc_row\"  style=\"padding-top: 0px; padding-bottom: 0px; \"><div class=\"row-bg-wrap\" data-bg-animation=\"none\" data-bg-animation-delay=\"\" data-bg-overlay=\"false\"><div class=\"inner-wrap row-bg-layer\" ><div class=\"row-bg viewport-desktop\"  style=\"\"><\/div><\/div><\/div><div class=\"row_col_wrap_12 col span_12 dark left\">\n\t<div  class=\"vc_col-sm-6 wpb_column column_container vc_column_container col no-extra-padding inherit_tablet inherit_phone\"  data-padding-pos=\"all\" data-has-bg-color=\"false\" data-bg-color=\"\" data-bg-opacity=\"1\" data-animation=\"\" data-delay=\"0\" >\n\t\t<div class=\"vc_column-inner\" >\n\t\t\t<div class=\"wpb_wrapper\">\n\t\t\t\t<div class=\"img-with-aniamtion-wrap\" data-max-width=\"100%\" data-max-width-mobile=\"default\" data-shadow=\"none\" data-animation=\"none\" >\n      <div class=\"inner\">\n        <div class=\"hover-wrap\"> \n          <div class=\"hover-wrap-inner\">\n            <img loading=\"lazy\" decoding=\"async\" class=\"img-with-animation skip-lazy\" data-delay=\"0\" height=\"1195\" width=\"2560\" data-animation=\"none\" src=\"https:\/\/zencospa.ro\/wp-content\/uploads\/2023\/11\/Thaico-SPA-c-razvanfotograv-86-scaled-e1731655477345.jpg\" alt=\"\" srcset=\"https:\/\/zencospa.ro\/wp-content\/uploads\/2023\/11\/Thaico-SPA-c-razvanfotograv-86-scaled-e1731655477345.jpg 2560w, https:\/\/zencospa.ro\/wp-content\/uploads\/2023\/11\/Thaico-SPA-c-razvanfotograv-86-scaled-e1731655477345-440x205.jpg 440w, https:\/\/zencospa.ro\/wp-content\/uploads\/2023\/11\/Thaico-SPA-c-razvanfotograv-86-scaled-e1731655477345-700x327.jpg 700w, https:\/\/zencospa.ro\/wp-content\/uploads\/2023\/11\/Thaico-SPA-c-razvanfotograv-86-scaled-e1731655477345-900x420.jpg 900w, https:\/\/zencospa.ro\/wp-content\/uploads\/2023\/11\/Thaico-SPA-c-razvanfotograv-86-scaled-e1731655477345-1200x560.jpg 1200w, https:\/\/zencospa.ro\/wp-content\/uploads\/2023\/11\/Thaico-SPA-c-razvanfotograv-86-scaled-e1731655477345-768x359.jpg 768w, https:\/\/zencospa.ro\/wp-content\/uploads\/2023\/11\/Thaico-SPA-c-razvanfotograv-86-scaled-e1731655477345-1536x717.jpg 1536w, https:\/\/zencospa.ro\/wp-content\/uploads\/2023\/11\/Thaico-SPA-c-razvanfotograv-86-scaled-e1731655477345-2048x956.jpg 2048w, https:\/\/zencospa.ro\/wp-content\/uploads\/2023\/11\/Thaico-SPA-c-razvanfotograv-86-scaled-e1731655477345-18x8.jpg 18w\" sizes=\"auto, (max-width: 2560px) 100vw, 2560px\" \/>\n          <\/div>\n        <\/div>\n      <\/div>\n    <\/div>\n\t\t\t<\/div> \n\t\t<\/div>\n\t<\/div> \n\n\t<div  class=\"vc_col-sm-6 wpb_column column_container vc_column_container col no-extra-padding inherit_tablet inherit_phone\"  data-padding-pos=\"all\" data-has-bg-color=\"false\" data-bg-color=\"\" data-bg-opacity=\"1\" data-animation=\"\" data-delay=\"0\" >\n\t\t<div class=\"vc_column-inner\" >\n\t\t\t<div class=\"wpb_wrapper\">\n\t\t\t\t\n<div class=\"wpb_text_column wpb_content_element\" >\n\t<div class=\"wpb_wrapper\">\n\t\t<h2 class=\"ppb_title\">What is Deep Tissue<\/h2>\n<div class=\"ppb_header_content\">\n<p>Deep Tissue Massage is a therapeutic deep tissue massage technique designed to release tension and blockages in muscle and connective tissues.<\/p>\n<p>With precise strokes and controlled pressure, this type of massage is designed to provide an effective response to relieve chronic pain and restore mobility.<\/p>\n<\/div>\n\t<\/div>\n<\/div>\n\n\n\n\n\t\t\t<\/div> \n\t\t<\/div>\n\t<\/div> \n<\/div><\/div>\n\t\t<div id=\"fws_69e227d125f82\"  data-column-margin=\"default\" data-midnight=\"dark\"  class=\"wpb_row vc_row-fluid vc_row\"  style=\"padding-top: 0px; padding-bottom: 0px; \"><div class=\"row-bg-wrap\" data-bg-animation=\"none\" data-bg-animation-delay=\"\" data-bg-overlay=\"false\"><div class=\"inner-wrap row-bg-layer\" ><div class=\"row-bg viewport-desktop\"  style=\"\"><\/div><\/div><\/div><div class=\"row_col_wrap_12 col span_12 dark left\">\n\t<div  class=\"vc_col-sm-12 wpb_column column_container vc_column_container col no-extra-padding inherit_tablet inherit_phone\"  data-padding-pos=\"all\" data-has-bg-color=\"false\" data-bg-color=\"\" data-bg-opacity=\"1\" data-animation=\"\" data-delay=\"0\" >\n\t\t<div class=\"vc_column-inner\" >\n\t\t\t<div class=\"wpb_wrapper\">\n\t\t\t\t\n<div class=\"wpb_text_column wpb_content_element\" >\n\t<div class=\"wpb_wrapper\">\n\t\t<h3 style=\"text-align: center;\">Pricing &amp; Programming<\/h3>\n<p style=\"text-align: center;\">The deep embrace of relaxation and release!<\/p>\n\t<\/div>\n<\/div>\n\n\n\n\n\t\t\t<\/div> \n\t\t<\/div>\n\t<\/div> \n<\/div><\/div>\n\t\t<div id=\"fws_69e227d126178\"  data-column-margin=\"5px\" data-midnight=\"dark\"  class=\"wpb_row vc_row-fluid vc_row\"  style=\"padding-top: 0px; padding-bottom: 0px; \"><div class=\"row-bg-wrap\" data-bg-animation=\"none\" data-bg-animation-delay=\"\" data-bg-overlay=\"false\"><div class=\"inner-wrap row-bg-layer\" ><div class=\"row-bg viewport-desktop\"  style=\"\"><\/div><\/div><\/div><div class=\"row_col_wrap_12 col span_12 dark center\">\n\t<div style=\"margin-top: 20px; margin-bottom: 40px; \" class=\"vc_col-sm-4 wpb_column column_container vc_column_container col no-extra-padding inherit_tablet inherit_phone\"  data-border-animation=\"\" data-border-animation-delay=\"\" data-border-width=\"2px\" data-border-style=\"solid\" data-border-color=\"#0a0a0a\" data-padding-pos=\"all\" data-has-bg-color=\"false\" data-bg-color=\"\" data-bg-opacity=\"1\" data-animation=\"\" data-delay=\"0\" >\n\t\t<div class=\"vc_column-inner\" style=\"border: 2px solid rgba(255,255,255,0); \"><span class=\"border-wrap\" style=\"border-color: #0a0a0a;\"><span class=\"border-top\"><\/span><span class=\"border-right\"><\/span><span class=\"border-bottom\"><\/span><span class=\"border-left\"><\/span><\/span>\n\t\t\t<div class=\"wpb_wrapper\">\n\t\t\t\t<div class=\"divider-wrap\" data-alignment=\"default\"><div style=\"height: 50px;\" class=\"divider\"><\/div><\/div>\n<div class=\"wpb_text_column wpb_content_element\" >\n\t<div class=\"wpb_wrapper\">\n\t\t<h4 class=\"vc_tta-panel-title vc_tta-controls-icon-position-left\"><span class=\"vc_tta-title-text\">60 minutes<\/span><\/h4>\n<p>290 lei<\/p>\n\t<\/div>\n<\/div>\n\n\n\n<a class=\"nectar-button large regular extra-color-1  regular-button\"  role=\"button\" style=\"margin-right: 5px; \"  href=\"\/en\/programming\/\" data-color-override=\"false\" data-hover-color-override=\"false\" data-hover-text-color-override=\"#fff\"><span>Schedule<\/span><\/a><a class=\"nectar-button large regular extra-color-1  regular-button\"  role=\"button\" style=\"margin-left: 5px;\"  href=\"\/en\/product\/massage-deep-tissue\/\" data-color-override=\"false\" data-hover-color-override=\"false\" data-hover-text-color-override=\"#fff\"><span>Buy Gift Card<\/span><\/a><div class=\"divider-wrap\" data-alignment=\"default\"><div style=\"height: 50px;\" class=\"divider\"><\/div><\/div>\n\t\t\t<\/div> \n\t\t<\/div>\n\t<\/div> \n\n\t<div style=\"margin-top: 20px; margin-bottom: 40px; \" class=\"vc_col-sm-4 wpb_column column_container vc_column_container col centered-text no-extra-padding inherit_tablet inherit_phone\"  data-border-animation=\"true\" data-border-animation-delay=\"\" data-border-width=\"2px\" data-border-style=\"solid\" data-border-color=\"#0a0a0a\" data-padding-pos=\"all\" data-has-bg-color=\"false\" data-bg-color=\"\" data-bg-opacity=\"1\" data-animation=\"\" data-delay=\"0\" >\n\t\t<div class=\"vc_column-inner\" style=\"border: 2px solid rgba(255,255,255,0); \"><span class=\"border-wrap\" style=\"border-color: #0a0a0a;\"><span class=\"border-top\"><\/span><span class=\"border-right\"><\/span><span class=\"border-bottom\"><\/span><span class=\"border-left\"><\/span><\/span>\n\t\t\t<div class=\"wpb_wrapper\">\n\t\t\t\t<div class=\"divider-wrap\" data-alignment=\"default\"><div style=\"height: 50px;\" class=\"divider\"><\/div><\/div>\n<div class=\"wpb_text_column wpb_content_element\" >\n\t<div class=\"wpb_wrapper\">\n\t\t<h4 class=\"vc_tta-panel-title vc_tta-controls-icon-position-left\"><span class=\"vc_tta-title-text\">90 minutes<\/span><\/h4>\n<p>415 lei<\/p>\n\t<\/div>\n<\/div>\n\n\n\n<a class=\"nectar-button large regular extra-color-1  regular-button\"  role=\"button\" style=\"margin-right: 5px; \"  href=\"\/en\/programming\/\" data-color-override=\"false\" data-hover-color-override=\"false\" data-hover-text-color-override=\"#fff\"><span>Schedule<\/span><\/a><a class=\"nectar-button large regular extra-color-1  regular-button\"  role=\"button\" style=\"margin-left: 5px;\"  href=\"\/en\/product\/massage-deep-tissue-90-minute\/\" data-color-override=\"false\" data-hover-color-override=\"false\" data-hover-text-color-override=\"#fff\"><span>Buy Gift Card<\/span><\/a><div class=\"divider-wrap\" data-alignment=\"default\"><div style=\"height: 50px;\" class=\"divider\"><\/div><\/div>\n\t\t\t<\/div> \n\t\t<\/div>\n\t<\/div> \n\n\t<div style=\"margin-top: 20px; margin-bottom: 40px; \" class=\"vc_col-sm-4 wpb_column column_container vc_column_container col centered-text no-extra-padding inherit_tablet inherit_phone\"  data-border-animation=\"true\" data-border-animation-delay=\"\" data-border-width=\"2px\" data-border-style=\"solid\" data-border-color=\"#0a0a0a\" data-padding-pos=\"all\" data-has-bg-color=\"false\" data-bg-color=\"\" data-bg-opacity=\"1\" data-animation=\"\" data-delay=\"0\" >\n\t\t<div class=\"vc_column-inner\" style=\"border: 2px solid rgba(255,255,255,0); \"><span class=\"border-wrap\" style=\"border-color: #0a0a0a;\"><span class=\"border-top\"><\/span><span class=\"border-right\"><\/span><span class=\"border-bottom\"><\/span><span class=\"border-left\"><\/span><\/span>\n\t\t\t<div class=\"wpb_wrapper\">\n\t\t\t\t<div class=\"divider-wrap\" data-alignment=\"default\"><div style=\"height: 50px;\" class=\"divider\"><\/div><\/div>\n<div class=\"wpb_text_column wpb_content_element\" >\n\t<div class=\"wpb_wrapper\">\n\t\t<h4 class=\"vc_tta-panel-title vc_tta-controls-icon-position-left\"><span class=\"vc_tta-title-text\">120 minutes<\/span><\/h4>\n<p>540 lei<\/p>\n\t<\/div>\n<\/div>\n\n\n\n<a class=\"nectar-button large regular extra-color-1  regular-button\"  role=\"button\" style=\"margin-right: 5px; \"  href=\"\/en\/programming\/\" data-color-override=\"false\" data-hover-color-override=\"false\" data-hover-text-color-override=\"#fff\"><span>Schedule<\/span><\/a><a class=\"nectar-button large regular extra-color-1  regular-button\"  role=\"button\" style=\"margin-left: 5px;\"  href=\"\/en\/product\/massage-deep-tissue-120-minute\/\" data-color-override=\"false\" data-hover-color-override=\"false\" data-hover-text-color-override=\"#fff\"><span>Buy Gift Card<\/span><\/a><div class=\"divider-wrap\" data-alignment=\"default\"><div style=\"height: 50px;\" class=\"divider\"><\/div><\/div>\n\t\t\t<\/div> \n\t\t<\/div>\n\t<\/div> \n<\/div><\/div>\n\t\t<div id=\"fws_69e227d126e02\"  data-column-margin=\"10px\" data-midnight=\"dark\"  class=\"wpb_row vc_row-fluid vc_row\"  style=\"padding-top: 0px; padding-bottom: 0px; \"><div class=\"row-bg-wrap\" data-bg-animation=\"none\" data-bg-animation-delay=\"\" data-bg-overlay=\"false\"><div class=\"inner-wrap row-bg-layer\" ><div class=\"row-bg viewport-desktop\"  style=\"\"><\/div><\/div><\/div><div class=\"row_col_wrap_12 col span_12 dark left\">\n\t<div  class=\"vc_col-sm-6 wpb_column column_container vc_column_container col no-extra-padding inherit_tablet inherit_phone\"  data-padding-pos=\"all\" data-has-bg-color=\"false\" data-bg-color=\"\" data-bg-opacity=\"1\" data-animation=\"\" data-delay=\"0\" >\n\t\t<div class=\"vc_column-inner\" >\n\t\t\t<div class=\"wpb_wrapper\">\n\t\t\t\t\n<div class=\"wpb_text_column wpb_content_element\" >\n\t<div class=\"wpb_wrapper\">\n\t\t<h2 class=\"ppb_title\">Benefits of Deep Tissue Massage<\/h2>\n<div class=\"ppb_header_content\">\n<p><strong>Deep and concentrated pressure:\u00a0<\/strong>The name 'Deep Tissue' says it all. This technique involves applying more intense pressure to the deep layers of muscles, tendons and fascia to release tension points and restore optimal circulation of blood and oxygen to the tissues.<\/p>\n<p><strong>Specialised techniques:\u00a0<\/strong>Our Deep Tissue Massage therapists are skilled in using specific movements, such as friction, acupressure and slow finger movements, to access areas of tension and provide personalised therapy tailored to individual needs.<\/p>\n<p><strong>Sustainable results:\u00a0<\/strong>Offering a deeper and more focused therapeutic effect, Deep Tissue Massage can bring more lasting results in relieving chronic muscle and joint problems.<\/p>\n<\/div>\n\t<\/div>\n<\/div>\n\n\n\n\n\t\t\t<\/div> \n\t\t<\/div>\n\t<\/div> \n\n\t<div  class=\"vc_col-sm-6 wpb_column column_container vc_column_container col no-extra-padding inherit_tablet inherit_phone\"  data-padding-pos=\"all\" data-has-bg-color=\"false\" data-bg-color=\"\" data-bg-opacity=\"1\" data-animation=\"\" data-delay=\"0\" >\n\t\t<div class=\"vc_column-inner\" >\n\t\t\t<div class=\"wpb_wrapper\">\n\t\t\t\t\n<div class=\"wpb_text_column wpb_content_element\" >\n\t<div class=\"wpb_wrapper\">\n\t\t<h2 class=\"ppb_title\">Features of Deep Tissue Massage<\/h2>\n<div class=\"ppb_header_content\">\n<p><strong>Deep and concentrated pressure:\u00a0<\/strong>The name 'Deep Tissue' says it all. This technique involves applying more intense pressure to the deep layers of muscles, tendons and fascia to release tension points and restore optimal circulation of blood and oxygen to the tissues.<\/p>\n<p><strong>Specialised techniques:\u00a0<\/strong>Our Deep Tissue Massage therapists are skilled in using specific movements, such as friction, acupressure and slow finger movements, to access areas of tension and provide personalised therapy tailored to individual needs.<\/p>\n<p><strong>Sustainable results:\u00a0<\/strong>Offering a deeper and more focused therapeutic effect, Deep Tissue Massage can bring more lasting results in relieving chronic muscle and joint problems.<\/p>\n<\/div>\n\t<\/div>\n<\/div>\n\n\n\n\n\t\t\t<\/div> \n\t\t<\/div>\n\t<\/div> \n<\/div><\/div>","protected":false},"excerpt":{"rendered":"Masaj Deep Tissue Ce este Deep Tissue Masajul Deep Tissue reprezint\u0103 o tehnic\u0103 de masaj terapeutic profund\u0103, conceput\u0103 pentru a elibera tensiunile \u0219i blocajele din \u021besuturile musculare \u0219i conjunctive. Cu...","protected":false},"author":73,"featured_media":52818,"parent":0,"menu_order":0,"comment_status":"closed","ping_status":"closed","template":"","meta":{"footnotes":""},"class_list":["post-50678","page","type-page","status-publish","has-post-thumbnail"],"yoast_head":"<!-- This site is optimized with the Yoast SEO plugin v27.4 - https:\/\/yoast.com\/product\/yoast-seo-wordpress\/ -->\n<title>Masaj Deep Tissue - ZENco SPA<\/title>\n<meta name=\"description\" content=\"Masaj Thailandez la ZENco SPA. Descoper\u0103 cum tehnicile unice pot cre\u0219te for\u021ba, flexibilitatea \u0219i alina tensiunea muscular\" \/>\n<meta name=\"robots\" content=\"index, follow, max-snippet:-1, max-image-preview:large, max-video-preview:-1\" \/>\n<link rel=\"canonical\" href=\"https:\/\/zencospa.ro\/en\/deep-tissue-massage\/\" \/>\n<meta property=\"og:locale\" content=\"en_US\" \/>\n<meta property=\"og:type\" content=\"article\" \/>\n<meta property=\"og:title\" content=\"Masaj Deep Tissue - ZENco SPA\" \/>\n<meta property=\"og:description\" content=\"Masaj Thailandez la ZENco SPA. Descoper\u0103 cum tehnicile unice pot cre\u0219te for\u021ba, flexibilitatea \u0219i alina tensiunea muscular\" \/>\n<meta property=\"og:url\" content=\"https:\/\/zencospa.ro\/en\/deep-tissue-massage\/\" \/>\n<meta property=\"og:site_name\" content=\"ZENco SPA\" \/>\n<meta property=\"article:publisher\" content=\"https:\/\/www.facebook.com\/ZENcoSPA\/\" \/>\n<meta property=\"article:modified_time\" content=\"2025-08-01T17:29:13+00:00\" \/>\n<meta property=\"og:image\" content=\"https:\/\/zencospa.ro\/wp-content\/uploads\/2023\/11\/Thaico-SPA-c-razvanfotograv-86-scaled-e1731655477345.jpg\" \/>\n\t<meta property=\"og:image:width\" content=\"2560\" \/>\n\t<meta property=\"og:image:height\" content=\"1195\" \/>\n\t<meta property=\"og:image:type\" content=\"image\/jpeg\" \/>\n<meta name=\"twitter:card\" content=\"summary_large_image\" \/>\n<meta name=\"twitter:label1\" content=\"Est. reading time\" \/>\n\t<meta name=\"twitter:data1\" content=\"3 minutes\" \/>\n<script type=\"application\/ld+json\" class=\"yoast-schema-graph\">{\"@context\":\"https:\\\/\\\/schema.org\",\"@graph\":[{\"@type\":\"WebPage\",\"@id\":\"https:\\\/\\\/zencospa.ro\\\/masajul-deep-tissue\\\/\",\"url\":\"https:\\\/\\\/zencospa.ro\\\/masajul-deep-tissue\\\/\",\"name\":\"Masaj Deep Tissue - ZENco SPA\",\"isPartOf\":{\"@id\":\"https:\\\/\\\/zencospa.ro\\\/#website\"},\"primaryImageOfPage\":{\"@id\":\"https:\\\/\\\/zencospa.ro\\\/masajul-deep-tissue\\\/#primaryimage\"},\"image\":{\"@id\":\"https:\\\/\\\/zencospa.ro\\\/masajul-deep-tissue\\\/#primaryimage\"},\"thumbnailUrl\":\"https:\\\/\\\/zencospa.ro\\\/wp-content\\\/uploads\\\/2023\\\/11\\\/Thaico-SPA-c-razvanfotograv-86-scaled-e1731655477345.jpg\",\"datePublished\":\"2023-09-19T08:16:48+00:00\",\"dateModified\":\"2025-08-01T17:29:13+00:00\",\"description\":\"Masaj Thailandez la ZENco SPA. Descoper\u0103 cum tehnicile unice pot cre\u0219te for\u021ba, flexibilitatea \u0219i alina tensiunea muscular\",\"breadcrumb\":{\"@id\":\"https:\\\/\\\/zencospa.ro\\\/masajul-deep-tissue\\\/#breadcrumb\"},\"inLanguage\":\"en-US\",\"potentialAction\":[{\"@type\":\"ReadAction\",\"target\":[\"https:\\\/\\\/zencospa.ro\\\/masajul-deep-tissue\\\/\"]}]},{\"@type\":\"ImageObject\",\"inLanguage\":\"en-US\",\"@id\":\"https:\\\/\\\/zencospa.ro\\\/masajul-deep-tissue\\\/#primaryimage\",\"url\":\"https:\\\/\\\/zencospa.ro\\\/wp-content\\\/uploads\\\/2023\\\/11\\\/Thaico-SPA-c-razvanfotograv-86-scaled-e1731655477345.jpg\",\"contentUrl\":\"https:\\\/\\\/zencospa.ro\\\/wp-content\\\/uploads\\\/2023\\\/11\\\/Thaico-SPA-c-razvanfotograv-86-scaled-e1731655477345.jpg\",\"width\":2560,\"height\":1195},{\"@type\":\"BreadcrumbList\",\"@id\":\"https:\\\/\\\/zencospa.ro\\\/masajul-deep-tissue\\\/#breadcrumb\",\"itemListElement\":[{\"@type\":\"ListItem\",\"position\":1,\"name\":\"Prima pagin\u0103\",\"item\":\"https:\\\/\\\/zencospa.ro\\\/\"},{\"@type\":\"ListItem\",\"position\":2,\"name\":\"Masaj Deep Tissue\"}]},{\"@type\":\"WebSite\",\"@id\":\"https:\\\/\\\/zencospa.ro\\\/#website\",\"url\":\"https:\\\/\\\/zencospa.ro\\\/\",\"name\":\"ZENco SPA\",\"description\":\"\",\"potentialAction\":[{\"@type\":\"SearchAction\",\"target\":{\"@type\":\"EntryPoint\",\"urlTemplate\":\"https:\\\/\\\/zencospa.ro\\\/?s={search_term_string}\"},\"query-input\":{\"@type\":\"PropertyValueSpecification\",\"valueRequired\":true,\"valueName\":\"search_term_string\"}}],\"inLanguage\":\"en-US\"}]}<\/script>\n<!-- \/ Yoast SEO plugin. -->","yoast_head_json":{"title":"Deep Tissue Massage - ZENco SPA","description":"Thai massage at ZENco SPA. Discover how unique techniques can increase strength, flexibility and relieve muscle tension","robots":{"index":"index","follow":"follow","max-snippet":"max-snippet:-1","max-image-preview":"max-image-preview:large","max-video-preview":"max-video-preview:-1"},"canonical":"https:\/\/zencospa.ro\/en\/deep-tissue-massage\/","og_locale":"en_US","og_type":"article","og_title":"Masaj Deep Tissue - ZENco SPA","og_description":"Masaj Thailandez la ZENco SPA. Descoper\u0103 cum tehnicile unice pot cre\u0219te for\u021ba, flexibilitatea \u0219i alina tensiunea muscular","og_url":"https:\/\/zencospa.ro\/en\/deep-tissue-massage\/","og_site_name":"ZENco SPA","article_publisher":"https:\/\/www.facebook.com\/ZENcoSPA\/","article_modified_time":"2025-08-01T17:29:13+00:00","og_image":[{"width":2560,"height":1195,"url":"https:\/\/zencospa.ro\/wp-content\/uploads\/2023\/11\/Thaico-SPA-c-razvanfotograv-86-scaled-e1731655477345.jpg","type":"image\/jpeg"}],"twitter_card":"summary_large_image","twitter_misc":{"Est. reading time":"3 minutes"},"schema":{"@context":"https:\/\/schema.org","@graph":[{"@type":"WebPage","@id":"https:\/\/zencospa.ro\/masajul-deep-tissue\/","url":"https:\/\/zencospa.ro\/masajul-deep-tissue\/","name":"Deep Tissue Massage - ZENco SPA","isPartOf":{"@id":"https:\/\/zencospa.ro\/#website"},"primaryImageOfPage":{"@id":"https:\/\/zencospa.ro\/masajul-deep-tissue\/#primaryimage"},"image":{"@id":"https:\/\/zencospa.ro\/masajul-deep-tissue\/#primaryimage"},"thumbnailUrl":"https:\/\/zencospa.ro\/wp-content\/uploads\/2023\/11\/Thaico-SPA-c-razvanfotograv-86-scaled-e1731655477345.jpg","datePublished":"2023-09-19T08:16:48+00:00","dateModified":"2025-08-01T17:29:13+00:00","description":"Thai massage at ZENco SPA. Discover how unique techniques can increase strength, flexibility and relieve muscle tension","breadcrumb":{"@id":"https:\/\/zencospa.ro\/masajul-deep-tissue\/#breadcrumb"},"inLanguage":"en-US","potentialAction":[{"@type":"ReadAction","target":["https:\/\/zencospa.ro\/masajul-deep-tissue\/"]}]},{"@type":"ImageObject","inLanguage":"en-US","@id":"https:\/\/zencospa.ro\/masajul-deep-tissue\/#primaryimage","url":"https:\/\/zencospa.ro\/wp-content\/uploads\/2023\/11\/Thaico-SPA-c-razvanfotograv-86-scaled-e1731655477345.jpg","contentUrl":"https:\/\/zencospa.ro\/wp-content\/uploads\/2023\/11\/Thaico-SPA-c-razvanfotograv-86-scaled-e1731655477345.jpg","width":2560,"height":1195},{"@type":"BreadcrumbList","@id":"https:\/\/zencospa.ro\/masajul-deep-tissue\/#breadcrumb","itemListElement":[{"@type":"ListItem","position":1,"name":"Prima pagin\u0103","item":"https:\/\/zencospa.ro\/"},{"@type":"ListItem","position":2,"name":"Masaj Deep Tissue"}]},{"@type":"WebSite","@id":"https:\/\/zencospa.ro\/#website","url":"https:\/\/zencospa.ro\/","name":"ZENco SPA","description":"","potentialAction":[{"@type":"SearchAction","target":{"@type":"EntryPoint","urlTemplate":"https:\/\/zencospa.ro\/?s={search_term_string}"},"query-input":{"@type":"PropertyValueSpecification","valueRequired":true,"valueName":"search_term_string"}}],"inLanguage":"en-US"}]}},"_links":{"self":[{"href":"https:\/\/zencospa.ro\/en\/wp-json\/wp\/v2\/pages\/50678","targetHints":{"allow":["GET"]}}],"collection":[{"href":"https:\/\/zencospa.ro\/en\/wp-json\/wp\/v2\/pages"}],"about":[{"href":"https:\/\/zencospa.ro\/en\/wp-json\/wp\/v2\/types\/page"}],"author":[{"embeddable":true,"href":"https:\/\/zencospa.ro\/en\/wp-json\/wp\/v2\/users\/73"}],"replies":[{"embeddable":true,"href":"https:\/\/zencospa.ro\/en\/wp-json\/wp\/v2\/comments?post=50678"}],"version-history":[{"count":1,"href":"https:\/\/zencospa.ro\/en\/wp-json\/wp\/v2\/pages\/50678\/revisions"}],"predecessor-version":[{"id":61810,"href":"https:\/\/zencospa.ro\/en\/wp-json\/wp\/v2\/pages\/50678\/revisions\/61810"}],"wp:featuredmedia":[{"embeddable":true,"href":"https:\/\/zencospa.ro\/en\/wp-json\/wp\/v2\/media\/52818"}],"wp:attachment":[{"href":"https:\/\/zencospa.ro\/en\/wp-json\/wp\/v2\/media?parent=50678"}],"curies":[{"name":"wp","href":"https:\/\/api.w.org\/{rel}","templated":true}]}}