{"id":50397,"date":"2023-09-14T11:51:56","date_gmt":"2023-09-14T08:51:56","guid":{"rendered":"https:\/\/thaicospa.ro\/?page_id=50397"},"modified":"2025-08-01T20:42:58","modified_gmt":"2025-08-01T17:42:58","slug":"4-hands-massage","status":"publish","type":"page","link":"https:\/\/zencospa.ro\/en\/masaj-la-4-maini\/","title":{"rendered":"Massage on 4 hands"},"content":{"rendered":"<div id=\"fws_69e348ebccf6e\"  data-column-margin=\"default\" data-midnight=\"dark\"  class=\"wpb_row vc_row-fluid vc_row\"  style=\"padding-top: 0px; padding-bottom: 0px; \"><div class=\"row-bg-wrap\" data-bg-animation=\"none\" data-bg-animation-delay=\"\" data-bg-overlay=\"false\"><div class=\"inner-wrap row-bg-layer\" ><div class=\"row-bg viewport-desktop\"  style=\"\"><\/div><\/div><\/div><div class=\"row_col_wrap_12 col span_12 dark left\">\n\t<div  class=\"vc_col-sm-12 wpb_column column_container vc_column_container col no-extra-padding inherit_tablet inherit_phone\"  data-padding-pos=\"all\" data-has-bg-color=\"false\" data-bg-color=\"\" data-bg-opacity=\"1\" data-animation=\"\" data-delay=\"0\" >\n\t\t<div class=\"vc_column-inner\" >\n\t\t\t<div class=\"wpb_wrapper\">\n\t\t\t\t\n<div class=\"wpb_text_column wpb_content_element\" >\n\t<div class=\"wpb_wrapper\">\n\t\t<h2 class=\"ppb_title\" style=\"text-align: center;\">4 hands massage<\/h2>\n\t<\/div>\n<\/div>\n\n\n\n\n\t\t\t<\/div> \n\t\t<\/div>\n\t<\/div> \n<\/div><\/div>\n\t\t<div id=\"fws_69e348ebcd47c\"  data-column-margin=\"default\" data-midnight=\"dark\"  class=\"wpb_row vc_row-fluid vc_row\"  style=\"padding-top: 0px; padding-bottom: 0px; \"><div class=\"row-bg-wrap\" data-bg-animation=\"none\" data-bg-animation-delay=\"\" data-bg-overlay=\"false\"><div class=\"inner-wrap row-bg-layer\" ><div class=\"row-bg viewport-desktop\"  style=\"\"><\/div><\/div><\/div><div class=\"row_col_wrap_12 col span_12 dark left\">\n\t<div  class=\"vc_col-sm-6 wpb_column column_container vc_column_container col no-extra-padding inherit_tablet inherit_phone\"  data-padding-pos=\"all\" data-has-bg-color=\"false\" data-bg-color=\"\" data-bg-opacity=\"1\" data-animation=\"\" data-delay=\"0\" >\n\t\t<div class=\"vc_column-inner\" >\n\t\t\t<div class=\"wpb_wrapper\">\n\t\t\t\t<div class=\"img-with-aniamtion-wrap\" data-max-width=\"100%\" data-max-width-mobile=\"default\" data-shadow=\"none\" data-animation=\"none\" >\n      <div class=\"inner\">\n        <div class=\"hover-wrap\"> \n          <div class=\"hover-wrap-inner\">\n            <img loading=\"lazy\" decoding=\"async\" class=\"img-with-animation skip-lazy\" data-delay=\"0\" height=\"984\" width=\"1500\" data-animation=\"none\" src=\"https:\/\/zencospa.ro\/wp-content\/uploads\/2025\/01\/Masaj-la-4-maini.jpg\" alt=\"\" srcset=\"https:\/\/zencospa.ro\/wp-content\/uploads\/2025\/01\/Masaj-la-4-maini.jpg 1500w, https:\/\/zencospa.ro\/wp-content\/uploads\/2025\/01\/Masaj-la-4-maini-900x590.jpg 900w, https:\/\/zencospa.ro\/wp-content\/uploads\/2025\/01\/Masaj-la-4-maini-1200x787.jpg 1200w, https:\/\/zencospa.ro\/wp-content\/uploads\/2025\/01\/Masaj-la-4-maini-768x504.jpg 768w, https:\/\/zencospa.ro\/wp-content\/uploads\/2025\/01\/Masaj-la-4-maini-18x12.jpg 18w, https:\/\/zencospa.ro\/wp-content\/uploads\/2025\/01\/Masaj-la-4-maini-440x289.jpg 440w, https:\/\/zencospa.ro\/wp-content\/uploads\/2025\/01\/Masaj-la-4-maini-700x459.jpg 700w\" sizes=\"auto, (max-width: 1500px) 100vw, 1500px\" \/>\n          <\/div>\n        <\/div>\n      <\/div>\n    <\/div>\n\t\t\t<\/div> \n\t\t<\/div>\n\t<\/div> \n\n\t<div  class=\"vc_col-sm-6 wpb_column column_container vc_column_container col no-extra-padding inherit_tablet inherit_phone\"  data-padding-pos=\"all\" data-has-bg-color=\"false\" data-bg-color=\"\" data-bg-opacity=\"1\" data-animation=\"\" data-delay=\"0\" >\n\t\t<div class=\"vc_column-inner\" >\n\t\t\t<div class=\"wpb_wrapper\">\n\t\t\t\t\n<div class=\"wpb_text_column wpb_content_element\" >\n\t<div class=\"wpb_wrapper\">\n\t\t<h2 class=\"ppb_title\">What is 4 Hands Massage<\/h2>\n<div class=\"ppb_header_content\">\n<p>Four-hand massage is a special massage technique in which two therapists work in unison to provide a simultaneous full-body massage.<\/p>\n<p>This unique experience involves synchronizing movements and pressure between the two therapists, creating a feeling of harmony and deep relaxation.<\/p>\n<\/div>\n\t<\/div>\n<\/div>\n\n\n\n\n\t\t\t<\/div> \n\t\t<\/div>\n\t<\/div> \n<\/div><\/div>\n\t\t<div id=\"fws_69e348ebcde33\"  data-column-margin=\"default\" data-midnight=\"dark\"  class=\"wpb_row vc_row-fluid vc_row\"  style=\"padding-top: 0px; padding-bottom: 0px; \"><div class=\"row-bg-wrap\" data-bg-animation=\"none\" data-bg-animation-delay=\"\" data-bg-overlay=\"false\"><div class=\"inner-wrap row-bg-layer\" ><div class=\"row-bg viewport-desktop\"  style=\"\"><\/div><\/div><\/div><div class=\"row_col_wrap_12 col span_12 dark left\">\n\t<div  class=\"vc_col-sm-12 wpb_column column_container vc_column_container col no-extra-padding inherit_tablet inherit_phone\"  data-padding-pos=\"all\" data-has-bg-color=\"false\" data-bg-color=\"\" data-bg-opacity=\"1\" data-animation=\"\" data-delay=\"0\" >\n\t\t<div class=\"vc_column-inner\" >\n\t\t\t<div class=\"wpb_wrapper\">\n\t\t\t\t\n<div class=\"wpb_text_column wpb_content_element\" >\n\t<div class=\"wpb_wrapper\">\n\t\t<h3 style=\"text-align: center;\">Pricing &amp; Programming<\/h3>\n<p style=\"text-align: center;\">Enjoy complete well-being, harmony and absolute relaxation!<\/p>\n\t<\/div>\n<\/div>\n\n\n\n\n\t\t\t<\/div> \n\t\t<\/div>\n\t<\/div> \n<\/div><\/div>\n\t\t<div id=\"fws_69e348ebce024\"  data-column-margin=\"5px\" data-midnight=\"dark\"  class=\"wpb_row vc_row-fluid vc_row\"  style=\"padding-top: 0px; padding-bottom: 0px; \"><div class=\"row-bg-wrap\" data-bg-animation=\"none\" data-bg-animation-delay=\"\" data-bg-overlay=\"false\"><div class=\"inner-wrap row-bg-layer\" ><div class=\"row-bg viewport-desktop\"  style=\"\"><\/div><\/div><\/div><div class=\"row_col_wrap_12 col span_12 dark center\">\n\t<div style=\"margin-top: 20px; margin-bottom: 40px; \" class=\"vc_col-sm-4 wpb_column column_container vc_column_container col no-extra-padding inherit_tablet inherit_phone\"  data-border-animation=\"\" data-border-animation-delay=\"\" data-border-width=\"2px\" data-border-style=\"solid\" data-border-color=\"#0a0a0a\" data-padding-pos=\"all\" data-has-bg-color=\"false\" data-bg-color=\"\" data-bg-opacity=\"1\" data-animation=\"\" data-delay=\"0\" >\n\t\t<div class=\"vc_column-inner\" style=\"border: 2px solid rgba(255,255,255,0); \"><span class=\"border-wrap\" style=\"border-color: #0a0a0a;\"><span class=\"border-top\"><\/span><span class=\"border-right\"><\/span><span class=\"border-bottom\"><\/span><span class=\"border-left\"><\/span><\/span>\n\t\t\t<div class=\"wpb_wrapper\">\n\t\t\t\t<div class=\"divider-wrap\" data-alignment=\"default\"><div style=\"height: 50px;\" class=\"divider\"><\/div><\/div>\n<div class=\"wpb_text_column wpb_content_element\" >\n\t<div class=\"wpb_wrapper\">\n\t\t<h4 class=\"vc_tta-panel-title vc_tta-controls-icon-position-left\"><span class=\"vc_tta-title-text\">60 minutes<\/span><\/h4>\n<p>550 lei<\/p>\n\t<\/div>\n<\/div>\n\n\n\n<a class=\"nectar-button large regular extra-color-1  regular-button\"  role=\"button\" style=\"margin-right: 5px; \"  href=\"\/en\/programming\/\" data-color-override=\"false\" data-hover-color-override=\"false\" data-hover-text-color-override=\"#fff\"><span>Schedule<\/span><\/a><a class=\"nectar-button large regular extra-color-1  regular-button\"  role=\"button\" style=\"margin-left: 5px;\"  href=\"\/en\/product\/four-hand-massage\/\" data-color-override=\"false\" data-hover-color-override=\"false\" data-hover-text-color-override=\"#fff\"><span>Buy Gift Card<\/span><\/a><div class=\"divider-wrap\" data-alignment=\"default\"><div style=\"height: 50px;\" class=\"divider\"><\/div><\/div>\n\t\t\t<\/div> \n\t\t<\/div>\n\t<\/div> \n\n\t<div style=\"margin-top: 20px; margin-bottom: 40px; \" class=\"vc_col-sm-4 wpb_column column_container vc_column_container col centered-text no-extra-padding inherit_tablet inherit_phone\"  data-border-animation=\"true\" data-border-animation-delay=\"\" data-border-width=\"2px\" data-border-style=\"solid\" data-border-color=\"#0a0a0a\" data-padding-pos=\"all\" data-has-bg-color=\"false\" data-bg-color=\"\" data-bg-opacity=\"1\" data-animation=\"\" data-delay=\"0\" >\n\t\t<div class=\"vc_column-inner\" style=\"border: 2px solid rgba(255,255,255,0); \"><span class=\"border-wrap\" style=\"border-color: #0a0a0a;\"><span class=\"border-top\"><\/span><span class=\"border-right\"><\/span><span class=\"border-bottom\"><\/span><span class=\"border-left\"><\/span><\/span>\n\t\t\t<div class=\"wpb_wrapper\">\n\t\t\t\t<div class=\"divider-wrap\" data-alignment=\"default\"><div style=\"height: 50px;\" class=\"divider\"><\/div><\/div>\n<div class=\"wpb_text_column wpb_content_element\" >\n\t<div class=\"wpb_wrapper\">\n\t\t<h4 class=\"vc_tta-panel-title vc_tta-controls-icon-position-left\"><span class=\"vc_tta-title-text\">90 minutes<\/span><\/h4>\n<p>790 lei<\/p>\n\t<\/div>\n<\/div>\n\n\n\n<a class=\"nectar-button large regular extra-color-1  regular-button\"  role=\"button\" style=\"margin-right: 5px; \"  href=\"\/en\/programming\/\" data-color-override=\"false\" data-hover-color-override=\"false\" data-hover-text-color-override=\"#fff\"><span>Schedule<\/span><\/a><a class=\"nectar-button large regular extra-color-1  regular-button\"  role=\"button\" style=\"margin-left: 5px;\"  href=\"\/en\/product\/four-hand-massage-90-minute\/\" data-color-override=\"false\" data-hover-color-override=\"false\" data-hover-text-color-override=\"#fff\"><span>Buy Gift Card<\/span><\/a><div class=\"divider-wrap\" data-alignment=\"default\"><div style=\"height: 50px;\" class=\"divider\"><\/div><\/div>\n\t\t\t<\/div> \n\t\t<\/div>\n\t<\/div> \n\n\t<div style=\"margin-top: 20px; margin-bottom: 40px; \" class=\"vc_col-sm-4 wpb_column column_container vc_column_container col centered-text no-extra-padding inherit_tablet inherit_phone\"  data-border-animation=\"true\" data-border-animation-delay=\"\" data-border-width=\"2px\" data-border-style=\"solid\" data-border-color=\"#0a0a0a\" data-padding-pos=\"all\" data-has-bg-color=\"false\" data-bg-color=\"\" data-bg-opacity=\"1\" data-animation=\"\" data-delay=\"0\" >\n\t\t<div class=\"vc_column-inner\" style=\"border: 2px solid rgba(255,255,255,0); \"><span class=\"border-wrap\" style=\"border-color: #0a0a0a;\"><span class=\"border-top\"><\/span><span class=\"border-right\"><\/span><span class=\"border-bottom\"><\/span><span class=\"border-left\"><\/span><\/span>\n\t\t\t<div class=\"wpb_wrapper\">\n\t\t\t\t<div class=\"divider-wrap\" data-alignment=\"default\"><div style=\"height: 50px;\" class=\"divider\"><\/div><\/div>\n<div class=\"wpb_text_column wpb_content_element\" >\n\t<div class=\"wpb_wrapper\">\n\t\t<h4 class=\"vc_tta-panel-title vc_tta-controls-icon-position-left\"><span class=\"vc_tta-title-text\">120 minutes<\/span><\/h4>\n<p>1040 lei<\/p>\n\t<\/div>\n<\/div>\n\n\n\n<a class=\"nectar-button large regular extra-color-1  regular-button\"  role=\"button\" style=\"margin-right: 5px; \"  href=\"\/en\/programming\/\" data-color-override=\"false\" data-hover-color-override=\"false\" data-hover-text-color-override=\"#fff\"><span>Schedule<\/span><\/a><a class=\"nectar-button large regular extra-color-1  regular-button\"  role=\"button\" style=\"margin-left: 5px;\"  href=\"\/en\/product\/four-hand-massage-120-minute\/\" data-color-override=\"false\" data-hover-color-override=\"false\" data-hover-text-color-override=\"#fff\"><span>Buy Gift Card<\/span><\/a><div class=\"divider-wrap\" data-alignment=\"default\"><div style=\"height: 50px;\" class=\"divider\"><\/div><\/div>\n\t\t\t<\/div> \n\t\t<\/div>\n\t<\/div> \n<\/div><\/div>\n\t\t<div id=\"fws_69e348ebcf144\"  data-column-margin=\"10px\" data-midnight=\"dark\"  class=\"wpb_row vc_row-fluid vc_row\"  style=\"padding-top: 0px; padding-bottom: 0px; \"><div class=\"row-bg-wrap\" data-bg-animation=\"none\" data-bg-animation-delay=\"\" data-bg-overlay=\"false\"><div class=\"inner-wrap row-bg-layer\" ><div class=\"row-bg viewport-desktop\"  style=\"\"><\/div><\/div><\/div><div class=\"row_col_wrap_12 col span_12 dark left\">\n\t<div  class=\"vc_col-sm-6 wpb_column column_container vc_column_container col no-extra-padding inherit_tablet inherit_phone\"  data-padding-pos=\"all\" data-has-bg-color=\"false\" data-bg-color=\"\" data-bg-opacity=\"1\" data-animation=\"\" data-delay=\"0\" >\n\t\t<div class=\"vc_column-inner\" >\n\t\t\t<div class=\"wpb_wrapper\">\n\t\t\t\t\n<div class=\"wpb_text_column wpb_content_element\" >\n\t<div class=\"wpb_wrapper\">\n\t\t<h2 class=\"ppb_title\">Features of 4 Hands Massage<\/h2>\n<div class=\"ppb_header_content\">\n<p>Features of the four-handed massage include:<\/p>\n<p><strong>Synchronised whole-body coverage:\u00a0<\/strong>Thanks to the presence of two therapists, the four-handed massage allows for complete synchronised coverage of the entire body.<\/p>\n<p><strong>Coordinated movements:<\/strong>\u00a0Therapists use synchronised and rhythmic movements over the whole body of the person receiving the massage. This coordination adds an extra dimension of relaxation and tissue stimulation.<\/p>\n<p><strong>Multidimensional experience:<\/strong>\u00a0Thanks to the simultaneous movements of the two therapists, the person receiving the massage experiences multiple and different sensations at the same time<strong>.<\/strong><\/p>\n<\/div>\n\t<\/div>\n<\/div>\n\n\n\n\n\t\t\t<\/div> \n\t\t<\/div>\n\t<\/div> \n\n\t<div  class=\"vc_col-sm-6 wpb_column column_container vc_column_container col no-extra-padding inherit_tablet inherit_phone\"  data-padding-pos=\"all\" data-has-bg-color=\"false\" data-bg-color=\"\" data-bg-opacity=\"1\" data-animation=\"\" data-delay=\"0\" >\n\t\t<div class=\"vc_column-inner\" >\n\t\t\t<div class=\"wpb_wrapper\">\n\t\t\t\t\n<div class=\"wpb_text_column wpb_content_element\" >\n\t<div class=\"wpb_wrapper\">\n\t\t<h2 class=\"ppb_title\">Benefits of 4 Hands Massage<\/h2>\n<div class=\"ppb_header_content\">\n<p><strong>Deep relaxation:<\/strong>\u00a0The four-handed massage induces a deep state of relaxation through the use of rhythmic and fluid movements of the two therapists. This experience enhances the feeling of inner peace and reduces stress and anxiety.<\/p>\n<p><strong>Release tension and stress:<\/strong>\u00a0Coordinated movements and pressure applied by the two therapists help release tension and stress built up in the muscles and tissues. This relieves muscle pain and stiffness.<\/p>\n<p><strong>Full body coverage:<\/strong>\u00a0Thanks to the presence of two therapists, the four-handed massage allows full body coverage, ensuring that all areas are treated and that the benefits of the massage extend to the whole body.<\/p>\n<\/div>\n\t<\/div>\n<\/div>\n\n\n\n\n\t\t\t<\/div> \n\t\t<\/div>\n\t<\/div> \n<\/div><\/div>","protected":false},"excerpt":{"rendered":"Masaj la 4 m\u00e2ini Ce este Masajul la 4 m\u00e2ini Masajul la patru m\u00e2ini este o tehnic\u0103 special\u0103 de masaj \u00een care doi terapeu\u021bi lucreaz\u0103 \u00een unison pentru a oferi...","protected":false},"author":73,"featured_media":61556,"parent":0,"menu_order":0,"comment_status":"closed","ping_status":"closed","template":"","meta":{"footnotes":""},"class_list":["post-50397","page","type-page","status-publish","has-post-thumbnail"],"yoast_head":"<!-- This site is optimized with the Yoast SEO plugin v27.4 - https:\/\/yoast.com\/product\/yoast-seo-wordpress\/ -->\n<title>Masaj la 4 maini - ZENco SPA<\/title>\n<meta name=\"description\" content=\"Masaj Thailandez la ZENco SPA. Descoper\u0103 cum tehnicile unice pot cre\u0219te for\u021ba, flexibilitatea \u0219i alina tensiunea muscular\" \/>\n<meta name=\"robots\" content=\"index, follow, max-snippet:-1, max-image-preview:large, max-video-preview:-1\" \/>\n<link rel=\"canonical\" href=\"https:\/\/zencospa.ro\/en\/4-hands-massage\/\" \/>\n<meta property=\"og:locale\" content=\"en_US\" \/>\n<meta property=\"og:type\" content=\"article\" \/>\n<meta property=\"og:title\" content=\"Masaj la 4 maini - ZENco SPA\" \/>\n<meta property=\"og:description\" content=\"Masaj Thailandez la ZENco SPA. Descoper\u0103 cum tehnicile unice pot cre\u0219te for\u021ba, flexibilitatea \u0219i alina tensiunea muscular\" \/>\n<meta property=\"og:url\" content=\"https:\/\/zencospa.ro\/en\/4-hands-massage\/\" \/>\n<meta property=\"og:site_name\" content=\"ZENco SPA\" \/>\n<meta property=\"article:publisher\" content=\"https:\/\/www.facebook.com\/ZENcoSPA\/\" \/>\n<meta property=\"article:modified_time\" content=\"2025-08-01T17:42:58+00:00\" \/>\n<meta property=\"og:image\" content=\"https:\/\/zencospa.ro\/wp-content\/uploads\/2025\/01\/Masaj-la-4-maini-1.jpg\" \/>\n\t<meta property=\"og:image:width\" content=\"1500\" \/>\n\t<meta property=\"og:image:height\" content=\"984\" \/>\n\t<meta property=\"og:image:type\" content=\"image\/jpeg\" \/>\n<meta name=\"twitter:card\" content=\"summary_large_image\" \/>\n<meta name=\"twitter:label1\" content=\"Est. reading time\" \/>\n\t<meta name=\"twitter:data1\" content=\"3 minutes\" \/>\n<script type=\"application\/ld+json\" class=\"yoast-schema-graph\">{\"@context\":\"https:\\\/\\\/schema.org\",\"@graph\":[{\"@type\":\"WebPage\",\"@id\":\"https:\\\/\\\/zencospa.ro\\\/masaj-la-4-maini\\\/\",\"url\":\"https:\\\/\\\/zencospa.ro\\\/masaj-la-4-maini\\\/\",\"name\":\"Masaj la 4 maini - ZENco SPA\",\"isPartOf\":{\"@id\":\"https:\\\/\\\/zencospa.ro\\\/#website\"},\"primaryImageOfPage\":{\"@id\":\"https:\\\/\\\/zencospa.ro\\\/masaj-la-4-maini\\\/#primaryimage\"},\"image\":{\"@id\":\"https:\\\/\\\/zencospa.ro\\\/masaj-la-4-maini\\\/#primaryimage\"},\"thumbnailUrl\":\"https:\\\/\\\/zencospa.ro\\\/wp-content\\\/uploads\\\/2025\\\/01\\\/Masaj-la-4-maini-1.jpg\",\"datePublished\":\"2023-09-14T08:51:56+00:00\",\"dateModified\":\"2025-08-01T17:42:58+00:00\",\"description\":\"Masaj Thailandez la ZENco SPA. Descoper\u0103 cum tehnicile unice pot cre\u0219te for\u021ba, flexibilitatea \u0219i alina tensiunea muscular\",\"breadcrumb\":{\"@id\":\"https:\\\/\\\/zencospa.ro\\\/masaj-la-4-maini\\\/#breadcrumb\"},\"inLanguage\":\"en-US\",\"potentialAction\":[{\"@type\":\"ReadAction\",\"target\":[\"https:\\\/\\\/zencospa.ro\\\/masaj-la-4-maini\\\/\"]}]},{\"@type\":\"ImageObject\",\"inLanguage\":\"en-US\",\"@id\":\"https:\\\/\\\/zencospa.ro\\\/masaj-la-4-maini\\\/#primaryimage\",\"url\":\"https:\\\/\\\/zencospa.ro\\\/wp-content\\\/uploads\\\/2025\\\/01\\\/Masaj-la-4-maini-1.jpg\",\"contentUrl\":\"https:\\\/\\\/zencospa.ro\\\/wp-content\\\/uploads\\\/2025\\\/01\\\/Masaj-la-4-maini-1.jpg\",\"width\":1500,\"height\":984},{\"@type\":\"BreadcrumbList\",\"@id\":\"https:\\\/\\\/zencospa.ro\\\/masaj-la-4-maini\\\/#breadcrumb\",\"itemListElement\":[{\"@type\":\"ListItem\",\"position\":1,\"name\":\"Prima pagin\u0103\",\"item\":\"https:\\\/\\\/zencospa.ro\\\/\"},{\"@type\":\"ListItem\",\"position\":2,\"name\":\"Masaj la 4 maini\"}]},{\"@type\":\"WebSite\",\"@id\":\"https:\\\/\\\/zencospa.ro\\\/#website\",\"url\":\"https:\\\/\\\/zencospa.ro\\\/\",\"name\":\"ZENco SPA\",\"description\":\"\",\"potentialAction\":[{\"@type\":\"SearchAction\",\"target\":{\"@type\":\"EntryPoint\",\"urlTemplate\":\"https:\\\/\\\/zencospa.ro\\\/?s={search_term_string}\"},\"query-input\":{\"@type\":\"PropertyValueSpecification\",\"valueRequired\":true,\"valueName\":\"search_term_string\"}}],\"inLanguage\":\"en-US\"}]}<\/script>\n<!-- \/ Yoast SEO plugin. -->","yoast_head_json":{"title":"4 hands massage - ZENco SPA","description":"Thai massage at ZENco SPA. Discover how unique techniques can increase strength, flexibility and relieve muscle tension","robots":{"index":"index","follow":"follow","max-snippet":"max-snippet:-1","max-image-preview":"max-image-preview:large","max-video-preview":"max-video-preview:-1"},"canonical":"https:\/\/zencospa.ro\/en\/4-hands-massage\/","og_locale":"en_US","og_type":"article","og_title":"Masaj la 4 maini - ZENco SPA","og_description":"Masaj Thailandez la ZENco SPA. Descoper\u0103 cum tehnicile unice pot cre\u0219te for\u021ba, flexibilitatea \u0219i alina tensiunea muscular","og_url":"https:\/\/zencospa.ro\/en\/4-hands-massage\/","og_site_name":"ZENco SPA","article_publisher":"https:\/\/www.facebook.com\/ZENcoSPA\/","article_modified_time":"2025-08-01T17:42:58+00:00","og_image":[{"width":1500,"height":984,"url":"https:\/\/zencospa.ro\/wp-content\/uploads\/2025\/01\/Masaj-la-4-maini-1.jpg","type":"image\/jpeg"}],"twitter_card":"summary_large_image","twitter_misc":{"Est. reading time":"3 minutes"},"schema":{"@context":"https:\/\/schema.org","@graph":[{"@type":"WebPage","@id":"https:\/\/zencospa.ro\/masaj-la-4-maini\/","url":"https:\/\/zencospa.ro\/masaj-la-4-maini\/","name":"4 hands massage - ZENco SPA","isPartOf":{"@id":"https:\/\/zencospa.ro\/#website"},"primaryImageOfPage":{"@id":"https:\/\/zencospa.ro\/masaj-la-4-maini\/#primaryimage"},"image":{"@id":"https:\/\/zencospa.ro\/masaj-la-4-maini\/#primaryimage"},"thumbnailUrl":"https:\/\/zencospa.ro\/wp-content\/uploads\/2025\/01\/Masaj-la-4-maini-1.jpg","datePublished":"2023-09-14T08:51:56+00:00","dateModified":"2025-08-01T17:42:58+00:00","description":"Thai massage at ZENco SPA. Discover how unique techniques can increase strength, flexibility and relieve muscle tension","breadcrumb":{"@id":"https:\/\/zencospa.ro\/masaj-la-4-maini\/#breadcrumb"},"inLanguage":"en-US","potentialAction":[{"@type":"ReadAction","target":["https:\/\/zencospa.ro\/masaj-la-4-maini\/"]}]},{"@type":"ImageObject","inLanguage":"en-US","@id":"https:\/\/zencospa.ro\/masaj-la-4-maini\/#primaryimage","url":"https:\/\/zencospa.ro\/wp-content\/uploads\/2025\/01\/Masaj-la-4-maini-1.jpg","contentUrl":"https:\/\/zencospa.ro\/wp-content\/uploads\/2025\/01\/Masaj-la-4-maini-1.jpg","width":1500,"height":984},{"@type":"BreadcrumbList","@id":"https:\/\/zencospa.ro\/masaj-la-4-maini\/#breadcrumb","itemListElement":[{"@type":"ListItem","position":1,"name":"Prima pagin\u0103","item":"https:\/\/zencospa.ro\/"},{"@type":"ListItem","position":2,"name":"Masaj la 4 maini"}]},{"@type":"WebSite","@id":"https:\/\/zencospa.ro\/#website","url":"https:\/\/zencospa.ro\/","name":"ZENco SPA","description":"","potentialAction":[{"@type":"SearchAction","target":{"@type":"EntryPoint","urlTemplate":"https:\/\/zencospa.ro\/?s={search_term_string}"},"query-input":{"@type":"PropertyValueSpecification","valueRequired":true,"valueName":"search_term_string"}}],"inLanguage":"en-US"}]}},"_links":{"self":[{"href":"https:\/\/zencospa.ro\/en\/wp-json\/wp\/v2\/pages\/50397","targetHints":{"allow":["GET"]}}],"collection":[{"href":"https:\/\/zencospa.ro\/en\/wp-json\/wp\/v2\/pages"}],"about":[{"href":"https:\/\/zencospa.ro\/en\/wp-json\/wp\/v2\/types\/page"}],"author":[{"embeddable":true,"href":"https:\/\/zencospa.ro\/en\/wp-json\/wp\/v2\/users\/73"}],"replies":[{"embeddable":true,"href":"https:\/\/zencospa.ro\/en\/wp-json\/wp\/v2\/comments?post=50397"}],"version-history":[{"count":3,"href":"https:\/\/zencospa.ro\/en\/wp-json\/wp\/v2\/pages\/50397\/revisions"}],"predecessor-version":[{"id":61822,"href":"https:\/\/zencospa.ro\/en\/wp-json\/wp\/v2\/pages\/50397\/revisions\/61822"}],"wp:featuredmedia":[{"embeddable":true,"href":"https:\/\/zencospa.ro\/en\/wp-json\/wp\/v2\/media\/61556"}],"wp:attachment":[{"href":"https:\/\/zencospa.ro\/en\/wp-json\/wp\/v2\/media?parent=50397"}],"curies":[{"name":"wp","href":"https:\/\/api.w.org\/{rel}","templated":true}]}}