{"id":47832,"date":"2023-06-11T23:33:20","date_gmt":"2023-06-11T20:33:20","guid":{"rendered":"https:\/\/thaicospa.ro\/?page_id=47832"},"modified":"2024-01-12T10:58:11","modified_gmt":"2024-01-12T07:58:11","slug":"thaimassage","status":"publish","type":"page","link":"https:\/\/zencospa.ro\/en\/masaj-thailandez\/","title":{"rendered":"Thai Massage"},"content":{"rendered":"<div  class=\"one withsmallpadding ppb_text\" style=\"text-align:left;padding:40px 0 40px 0;\" >\n<div class=\"standard_wrapper\">\n<div class=\"page_content_wrapper wide\">\n<div class=\"inner\">\n<div style=\"margin:auto;width:95%\">\n<h3 style=\"text-align: center;\">Pricing &amp; Programming<\/h3>\n<p>Thai massage, with its unique methods of acupressure, stretching and compression, offers numerous benefits for physical and mental health. This age-old practice helps increase strength and flexibility, relax tense muscles and relieve stress, providing a deeply relaxing and renewing experience.<\/p>\n<div class=\"vc_row wpb_row vc_row-fluid\">\n<div class=\"wpb_column vc_column_container vc_col-sm-4\">\n<div class=\"vc_column-inner\">\n<div class=\"wpb_wrapper\">\n<div class=\"vc_tta-container\" data-vc-action=\"collapse\">\n<div class=\"vc_general vc_tta vc_tta-accordion vc_tta-color-white vc_tta-style-outline vc_tta-shape-square vc_tta-o-shape-group vc_tta-controls-align-default\">\n<div class=\"vc_tta-panels-container\">\n<div class=\"vc_tta-panels\">\n<div class=\"vc_tta-panel vc_active\" id=\"1669191340232-9b82b701-320a\" data-vc-content=\".vc_tta-panel-body\">\n<div class=\"vc_tta-panel-heading\">\n<h4 class=\"vc_tta-panel-title vc_tta-controls-icon-position-left\"><a href=\"#1669191340232-9b82b701-320a\" data-vc-accordion data-vc-container=\".vc_tta-container\"><span class=\"vc_tta-title-text\">60 minutes<\/span><i class=\"vc_tta-controls-icon vc_tta-controls-icon-triangle\"><\/i><\/a><\/h4>\n<\/div>\n<div class=\"vc_tta-panel-body\">\n<div class=\"wpb_text_column wpb_content_element\" >\n<div class=\"wpb_wrapper\">\n<h3 style=\"text-align: center;\">280 lei<\/h3>\n<\/p><\/div><\/div>\n<div class=\"vc_row wpb_row vc_inner vc_row-fluid vc_column-gap-10 vc_row-o-equal-height vc_row-flex\">\n<div class=\"wpb_column vc_column_container vc_col-sm-12\">\n<div class=\"vc_column-inner\">\n<div class=\"wpb_wrapper\">\n<div class=\"vc_btn3-container vc_btn3-inline\" ><a onmouseleave=\"this.style.borderColor='#d4b153'; this.style.backgroundColor='transparent'; this.style.color='#d4b153'\" onmouseenter=\"this.style.borderColor='#d4b153'; this.style.backgroundColor='#d4b153'; this.style.color='#000000';\" style=\"border-color:#d4b153; color:#d4b153;\" class=\"vc_general vc_btn3 vc_btn3-size-md vc_btn3-shape-square vc_btn3-style-outline-custom\" href=\"\/en\/programming\/\" title=\"\">Schedule<\/a><\/div>\n<div class=\"vc_btn3-container vc_btn3-inline\" ><a onmouseleave=\"this.style.borderColor='#d4b153'; this.style.backgroundColor='transparent'; this.style.color='#d4b153'\" onmouseenter=\"this.style.borderColor='#d4b153'; this.style.backgroundColor='#d4b153'; this.style.color='#000000';\" style=\"border-color:#d4b153; color:#d4b153;\" class=\"vc_general vc_btn3 vc_btn3-size-md vc_btn3-shape-square vc_btn3-style-outline-custom\" href=\"\/en\/gift-card\/thaimassage\/\" title=\"\">Buy Gift Card<\/a><\/div>\n<\/div>\n<\/div>\n<\/div>\n<\/div>\n<\/div>\n<\/div>\n<\/div>\n<\/div>\n<\/div>\n<\/div>\n<\/div>\n<\/div>\n<\/div>\n<div class=\"wpb_column vc_column_container vc_col-sm-4\">\n<div class=\"vc_column-inner\">\n<div class=\"wpb_wrapper\">\n<div class=\"vc_tta-container\" data-vc-action=\"collapseAll\">\n<div class=\"vc_general vc_tta vc_tta-accordion vc_tta-color-white vc_tta-style-outline vc_tta-shape-square vc_tta-o-shape-group vc_tta-controls-align-default vc_tta-o-all-clickable\">\n<div class=\"vc_tta-panels-container\">\n<div class=\"vc_tta-panels\">\n<div class=\"vc_tta-panel vc_active\" id=\"1686518100118-6478388b-2d84\" data-vc-content=\".vc_tta-panel-body\">\n<div class=\"vc_tta-panel-heading\">\n<h4 class=\"vc_tta-panel-title vc_tta-controls-icon-position-left\"><a href=\"#1686518100118-6478388b-2d84\" data-vc-accordion data-vc-container=\".vc_tta-container\"><span class=\"vc_tta-title-text\">90 minutes<\/span><i class=\"vc_tta-controls-icon vc_tta-controls-icon-triangle\"><\/i><\/a><\/h4>\n<\/div>\n<div class=\"vc_tta-panel-body\">\n<div class=\"wpb_text_column wpb_content_element\" >\n<div class=\"wpb_wrapper\">\n<h3 style=\"text-align: center;\">390 lei<\/h3>\n<\/p><\/div><\/div>\n<div class=\"vc_row wpb_row vc_inner vc_row-fluid vc_column-gap-10 vc_row-o-equal-height vc_row-flex\">\n<div class=\"wpb_column vc_column_container vc_col-sm-12\">\n<div class=\"vc_column-inner\">\n<div class=\"wpb_wrapper\">\n<div class=\"vc_btn3-container vc_btn3-inline\" ><a onmouseleave=\"this.style.borderColor='#d4b153'; this.style.backgroundColor='transparent'; this.style.color='#d4b153'\" onmouseenter=\"this.style.borderColor='#d4b153'; this.style.backgroundColor='#d4b153'; this.style.color='#000000';\" style=\"border-color:#d4b153; color:#d4b153;\" class=\"vc_general vc_btn3 vc_btn3-size-md vc_btn3-shape-square vc_btn3-style-outline-custom\" href=\"\/en\/programming\/\" title=\"\">Schedule<\/a><\/div>\n<div class=\"vc_btn3-container vc_btn3-inline\" ><a onmouseleave=\"this.style.borderColor='#d4b153'; this.style.backgroundColor='transparent'; this.style.color='#d4b153'\" onmouseenter=\"this.style.borderColor='#d4b153'; this.style.backgroundColor='#d4b153'; this.style.color='#000000';\" style=\"border-color:#d4b153; color:#d4b153;\" class=\"vc_general vc_btn3 vc_btn3-size-md vc_btn3-shape-square vc_btn3-style-outline-custom\" href=\"\/en\/gift-card\/thai-massage-90-minute\/\" title=\"\">Buy Gift Card<\/a><\/div>\n<\/div>\n<\/div>\n<\/div>\n<\/div>\n<\/div>\n<\/div>\n<\/div>\n<\/div>\n<\/div>\n<\/div>\n<\/div>\n<\/div>\n<\/div>\n<div class=\"wpb_column vc_column_container vc_col-sm-4\">\n<div class=\"vc_column-inner\">\n<div class=\"wpb_wrapper\">\n<div class=\"vc_tta-container\" data-vc-action=\"collapseAll\">\n<div class=\"vc_general vc_tta vc_tta-accordion vc_tta-color-white vc_tta-style-outline vc_tta-shape-square vc_tta-o-shape-group vc_tta-controls-align-default vc_tta-o-all-clickable\">\n<div class=\"vc_tta-panels-container\">\n<div class=\"vc_tta-panels\">\n<div class=\"vc_tta-panel vc_active\" id=\"1686518083316-f0182465-c77d\" data-vc-content=\".vc_tta-panel-body\">\n<div class=\"vc_tta-panel-heading\">\n<h4 class=\"vc_tta-panel-title vc_tta-controls-icon-position-left\"><a href=\"#1686518083316-f0182465-c77d\" data-vc-accordion data-vc-container=\".vc_tta-container\"><span class=\"vc_tta-title-text\">120 minutes<\/span><i class=\"vc_tta-controls-icon vc_tta-controls-icon-triangle\"><\/i><\/a><\/h4>\n<\/div>\n<div class=\"vc_tta-panel-body\">\n<div class=\"wpb_text_column wpb_content_element\" >\n<div class=\"wpb_wrapper\">\n<h3 style=\"text-align: center;\">500 lei<\/h3>\n<\/p><\/div><\/div>\n<div class=\"vc_row wpb_row vc_inner vc_row-fluid vc_column-gap-10 vc_row-o-equal-height vc_row-flex\">\n<div class=\"wpb_column vc_column_container vc_col-sm-12\">\n<div class=\"vc_column-inner\">\n<div class=\"wpb_wrapper\">\n<div class=\"vc_btn3-container vc_btn3-inline\" ><a onmouseleave=\"this.style.borderColor='#d4b153'; this.style.backgroundColor='transparent'; this.style.color='#d4b153'\" onmouseenter=\"this.style.borderColor='#d4b153'; this.style.backgroundColor='#d4b153'; this.style.color='#000000';\" style=\"border-color:#d4b153; color:#d4b153;\" class=\"vc_general vc_btn3 vc_btn3-size-md vc_btn3-shape-square vc_btn3-style-outline-custom\" href=\"\/en\/programming\/\" title=\"\">Schedule<\/a><\/div>\n<div class=\"vc_btn3-container vc_btn3-inline\" ><a onmouseleave=\"this.style.borderColor='#d4b153'; this.style.backgroundColor='transparent'; this.style.color='#d4b153'\" onmouseenter=\"this.style.borderColor='#d4b153'; this.style.backgroundColor='#d4b153'; this.style.color='#000000';\" style=\"border-color:#d4b153; color:#d4b153;\" class=\"vc_general vc_btn3 vc_btn3-size-md vc_btn3-shape-square vc_btn3-style-outline-custom\" href=\"\/en\/gift-card\/thai-massage-120-minute\/\" title=\"\">Buy Gift Card<\/a><\/div>\n<\/div>\n<\/div>\n<\/div>\n<\/div>\n<\/div>\n<\/div>\n<\/div>\n<\/div>\n<\/div>\n<\/div>\n<\/div>\n<\/div>\n<\/div>\n<\/div>\n<\/div>\n<\/div>\n<\/div>\n<\/div>\n<\/div>\n<div  class=\"one\" >\n<div class=\"one_half_bg parallax\" style=\"background-image:url(https:\/\/thaicospa.ro\/wp-content\/uploads\/2023\/11\/Thaico-SPA-c-razvanfotograv-688-scaled.jpg);height:500px;\"><\/div>\n<div class=\"one_half_bg\" style=\"padding:80px;\">\n<h2 class=\"ppb_title\" style=\"\">What is Thai massage<\/h2>\n<div class=\"ppb_header_content\">\n<p>Thai massage is a form of body therapy practiced for thousands of years, with origins embedded in traditional Asian medicine techniques. <\/p>\n<p>Despite its name, Thai massage blends Indian, Chinese and South-East Asian techniques, creating a unique blend of acupressure, yoga-inspired stretching and compression techniques.<\/p>\n<\/div>\n<\/div>\n<p><br class=\"clear\"\/><\/div>\n<div  class=\"one\" >\n<div class=\"one_half_bg textright\" style=\"padding:80px;\">\n<h2 class=\"ppb_title\" style=\"\">Features of Thai massage<\/h2>\n<div class=\"ppb_header_content\">\n<p>One of the defining elements of Thai massage is acupressure, a method that involves applying pressure to various points on the body to stimulate energy flow and balance the body's systems.<br \/>\nThis technique is combined with yoga-inspired stretches, which serve to tone and flex muscles and joints while providing a sense of deep relaxation.<\/p>\n<p>Another distinctive technique is the gentle back straddle, a practice that helps release tension in the back muscles. This is accompanied by compressions that help to remove toxins and stimulate blood circulation.<\/p>\n<\/div>\n<\/div>\n<div class=\"one_half_bg parallax\" style=\"background-image:url(https:\/\/thaicospa.ro\/wp-content\/uploads\/2023\/11\/Thaico-SPA-c-razvanfotograv-720-scaled.jpg);height:505px;\"><\/div>\n<p><br class=\"clear\"\/><\/div>\n<div  class=\"one withsmallpadding ppb_content_center_bg withbg parallax\" style=\"background-image:url(https:\/\/thaicospa.ro\/wp-content\/uploads\/2023\/11\/Thaico-SPA-c-razvanfotograv-692-scaled.jpg);background-position: center top;height:810px;\" >\n<div class=\"one_third parallax_text\" style=\"background:#000000;background:rgb(0,0,0,0.6);background:rgba(0,0,0,0.6);;padding:10px;\" data-stellar-ratio=\"1.3\">\n<h2 class=\"ppb_title\" style=\"\">Benefits of Thai massage<\/h2>\n<div class=\"ppb_header_content\">\n<p><strong>The main benefits of Thai massage include:<\/strong><\/p>\n<p><strong>Increased strength and flexibility:<\/strong> Through yoga-inspired stretches, Thai massage helps increase strength and flexibility, working on all the major muscle groups of the body.<\/p>\n<p><strong>Relaxation of painful or strained muscles:<\/strong> Pressure-pressure techniques and gentle back-pedalling can help relieve muscle pain and release accumulated tension.<\/p>\n<p><strong>Stress relief:<\/strong> By promoting deep relaxation, Thai massage helps reduce stress and anxiety, creating a state of calm and balance.<\/p>\n<\/div>\n<\/div>\n<\/div>\n<div class=\"divider one\">&nbsp;<\/div>\n<div  class=\"ppb_gallery_grid one\" style=\"\">\n<div class=\"standard_wrapper\">\n<div id=\"1705046291883847689\" class=\"portfolio_filter_wrapper gallery four_cols contain\" data-columns=\"4\">\n<div class=\"element grid  classic4_cols\">\n<div class=\"one_fourth gallery4 static filterable gallery_type animated1\"><a class=\"fancy-gallery\" href=\"https:\/\/thaicospa.ro\/wp-content\/uploads\/2023\/11\/Thaico-SPA-c-razvanfotograv-688-scaled.jpg\" data-caption=\"\" ><img decoding=\"async\" src=\"https:\/\/thaicospa.ro\/wp-content\/uploads\/2023\/11\/Thaico-SPA-c-razvanfotograv-688-610x610.jpg\" alt=\"\"\/><\/a><\/div>\n<\/div>\n<div class=\"element grid  classic4_cols\">\n<div class=\"one_fourth gallery4 static filterable gallery_type animated2\"><a class=\"fancy-gallery\" href=\"https:\/\/thaicospa.ro\/wp-content\/uploads\/2023\/11\/Thaico-SPA-c-razvanfotograv-702-scaled.jpg\" data-caption=\"\" ><img decoding=\"async\" src=\"https:\/\/thaicospa.ro\/wp-content\/uploads\/2023\/11\/Thaico-SPA-c-razvanfotograv-702-610x610.jpg\" alt=\"\"\/><\/a><\/div>\n<\/div>\n<div class=\"element grid  classic4_cols\">\n<div class=\"one_fourth gallery4 static filterable gallery_type animated3\"><a class=\"fancy-gallery\" href=\"https:\/\/thaicospa.ro\/wp-content\/uploads\/2023\/11\/Thaico-SPA-c-razvanfotograv-692-scaled.jpg\" data-caption=\"\" ><img decoding=\"async\" src=\"https:\/\/thaicospa.ro\/wp-content\/uploads\/2023\/11\/Thaico-SPA-c-razvanfotograv-692-610x610.jpg\" alt=\"\"\/><\/a><\/div>\n<\/div>\n<div class=\"element grid  classic4_cols\">\n<div class=\"one_fourth gallery4 static filterable gallery_type animated4\"><a class=\"fancy-gallery\" href=\"https:\/\/thaicospa.ro\/wp-content\/uploads\/2023\/11\/Thaico-SPA-c-razvanfotograv-696-scaled.jpg\" data-caption=\"\" ><img decoding=\"async\" src=\"https:\/\/thaicospa.ro\/wp-content\/uploads\/2023\/11\/Thaico-SPA-c-razvanfotograv-696-610x610.jpg\" alt=\"\"\/><\/a><\/div>\n<\/div>\n<div class=\"element grid  classic4_cols\">\n<div class=\"one_fourth gallery4 static filterable gallery_type animated5\"><a class=\"fancy-gallery\" href=\"https:\/\/thaicospa.ro\/wp-content\/uploads\/2023\/11\/Thaico-SPA-c-razvanfotograv-686-scaled.jpg\" data-caption=\"\" ><img decoding=\"async\" src=\"https:\/\/thaicospa.ro\/wp-content\/uploads\/2023\/11\/Thaico-SPA-c-razvanfotograv-686-610x610.jpg\" alt=\"\"\/><\/a><\/div>\n<\/div>\n<div class=\"element grid  classic4_cols\">\n<div class=\"one_fourth gallery4 static filterable gallery_type animated6\"><a class=\"fancy-gallery\" href=\"https:\/\/thaicospa.ro\/wp-content\/uploads\/2023\/11\/Thaico-SPA-c-razvanfotograv-690-scaled.jpg\" data-caption=\"\" ><img decoding=\"async\" src=\"https:\/\/thaicospa.ro\/wp-content\/uploads\/2023\/11\/Thaico-SPA-c-razvanfotograv-690-610x610.jpg\" alt=\"\"\/><\/a><\/div>\n<\/div>\n<div class=\"element grid  classic4_cols\">\n<div class=\"one_fourth gallery4 static filterable gallery_type animated7\"><a class=\"fancy-gallery\" href=\"https:\/\/thaicospa.ro\/wp-content\/uploads\/2023\/11\/Thaico-SPA-c-razvanfotograv-707-scaled.jpg\" data-caption=\"\" ><img decoding=\"async\" src=\"https:\/\/thaicospa.ro\/wp-content\/uploads\/2023\/11\/Thaico-SPA-c-razvanfotograv-707-610x610.jpg\" alt=\"\"\/><\/a><\/div>\n<\/div>\n<div class=\"element grid  classic4_cols\">\n<div class=\"one_fourth gallery4 static filterable gallery_type animated8\"><a class=\"fancy-gallery\" href=\"https:\/\/thaicospa.ro\/wp-content\/uploads\/2023\/11\/Thaico-SPA-c-razvanfotograv-705-scaled.jpg\" data-caption=\"\" ><img decoding=\"async\" src=\"https:\/\/thaicospa.ro\/wp-content\/uploads\/2023\/11\/Thaico-SPA-c-razvanfotograv-705-610x610.jpg\" alt=\"\"\/><\/a><\/div>\n<\/div>\n<div class=\"element grid  classic4_cols\">\n<div class=\"one_fourth gallery4 static filterable gallery_type animated9\"><a class=\"fancy-gallery\" href=\"https:\/\/thaicospa.ro\/wp-content\/uploads\/2023\/11\/Thaico-SPA-c-razvanfotograv-718-scaled.jpg\" data-caption=\"\" ><img decoding=\"async\" src=\"https:\/\/thaicospa.ro\/wp-content\/uploads\/2023\/11\/Thaico-SPA-c-razvanfotograv-718-610x610.jpg\" alt=\"\"\/><\/a><\/div>\n<\/div>\n<div class=\"element grid  classic4_cols\">\n<div class=\"one_fourth gallery4 static filterable gallery_type animated10\"><a class=\"fancy-gallery\" href=\"https:\/\/thaicospa.ro\/wp-content\/uploads\/2023\/11\/Thaico-SPA-c-razvanfotograv-711-scaled.jpg\" data-caption=\"\" ><img decoding=\"async\" src=\"https:\/\/thaicospa.ro\/wp-content\/uploads\/2023\/11\/Thaico-SPA-c-razvanfotograv-711-610x610.jpg\" alt=\"\"\/><\/a><\/div>\n<\/div>\n<div class=\"element grid  classic4_cols\">\n<div class=\"one_fourth gallery4 static filterable gallery_type animated11\"><a class=\"fancy-gallery\" href=\"https:\/\/thaicospa.ro\/wp-content\/uploads\/2023\/11\/Thaico-SPA-c-razvanfotograv-713-scaled.jpg\" data-caption=\"\" ><img decoding=\"async\" src=\"https:\/\/thaicospa.ro\/wp-content\/uploads\/2023\/11\/Thaico-SPA-c-razvanfotograv-713-610x610.jpg\" alt=\"\"\/><\/a><\/div>\n<\/div>\n<div class=\"element grid  classic4_cols\">\n<div class=\"one_fourth gallery4 static filterable gallery_type animated12\"><a class=\"fancy-gallery\" href=\"https:\/\/thaicospa.ro\/wp-content\/uploads\/2023\/11\/Thaico-SPA-c-razvanfotograv-701-scaled.jpg\" data-caption=\"\" ><img decoding=\"async\" src=\"https:\/\/thaicospa.ro\/wp-content\/uploads\/2023\/11\/Thaico-SPA-c-razvanfotograv-701-610x610.jpg\" alt=\"\"\/><\/a><\/div>\n<\/div>\n<div class=\"element grid  classic4_cols\">\n<div class=\"one_fourth gallery4 static filterable gallery_type animated13\"><a class=\"fancy-gallery\" href=\"https:\/\/thaicospa.ro\/wp-content\/uploads\/2023\/11\/Thaico-SPA-c-razvanfotograv-699-scaled.jpg\" data-caption=\"\" ><img decoding=\"async\" src=\"https:\/\/thaicospa.ro\/wp-content\/uploads\/2023\/11\/Thaico-SPA-c-razvanfotograv-699-610x610.jpg\" alt=\"\"\/><\/a><\/div>\n<\/div>\n<div class=\"element grid  classic4_cols\">\n<div class=\"one_fourth gallery4 static filterable gallery_type animated14\"><a class=\"fancy-gallery\" href=\"https:\/\/thaicospa.ro\/wp-content\/uploads\/2023\/11\/Thaico-SPA-c-razvanfotograv-703-scaled.jpg\" data-caption=\"\" ><img decoding=\"async\" src=\"https:\/\/thaicospa.ro\/wp-content\/uploads\/2023\/11\/Thaico-SPA-c-razvanfotograv-703-610x610.jpg\" alt=\"\"\/><\/a><\/div>\n<\/div>\n<div class=\"element grid  classic4_cols\">\n<div class=\"one_fourth gallery4 static filterable gallery_type animated15\"><a class=\"fancy-gallery\" href=\"https:\/\/thaicospa.ro\/wp-content\/uploads\/2023\/11\/Thaico-SPA-c-razvanfotograv-720-scaled.jpg\" data-caption=\"\" ><img decoding=\"async\" src=\"https:\/\/thaicospa.ro\/wp-content\/uploads\/2023\/11\/Thaico-SPA-c-razvanfotograv-720-610x610.jpg\" alt=\"\"\/><\/a><\/div>\n<\/div>\n<div class=\"element grid  classic4_cols\">\n<div class=\"one_fourth gallery4 static filterable gallery_type animated16\"><a class=\"fancy-gallery\" href=\"https:\/\/thaicospa.ro\/wp-content\/uploads\/2023\/11\/Thaico-SPA-c-razvanfotograv-733-scaled.jpg\" data-caption=\"\" ><img decoding=\"async\" src=\"https:\/\/thaicospa.ro\/wp-content\/uploads\/2023\/11\/Thaico-SPA-c-razvanfotograv-733-610x610.jpg\" alt=\"\"\/><\/a><\/div>\n<\/div>\n<\/div>\n<\/div>\n<\/div>","protected":false},"excerpt":{"rendered":"<p>Pre\u021buri &#038; Programare Masajul thailandez, prin metodele sale unice de presopunctur\u0103, \u00eentinderi \u0219i compresii, ofer\u0103 numeroase beneficii pentru s\u0103n\u0103tatea fizic\u0103 \u0219i mental\u0103. Aceast\u0103 practic\u0103 milenar\u0103 ajut\u0103 la cre\u0219terea for\u021bei \u0219i&#8230;<\/p>","protected":false},"author":73,"featured_media":53173,"parent":0,"menu_order":0,"comment_status":"closed","ping_status":"closed","template":"","meta":{"footnotes":""},"class_list":["post-47832","page","type-page","status-publish","has-post-thumbnail"],"yoast_head":"<!-- This site is optimized with the Yoast SEO plugin v27.4 - https:\/\/yoast.com\/product\/yoast-seo-wordpress\/ -->\n<title>Masaj Thailandez - ZENco SPA<\/title>\n<meta name=\"description\" content=\"Masaj Thailandez la ZENco SPA. Descoper\u0103 cum tehnicile unice pot cre\u0219te for\u021ba, flexibilitatea \u0219i alina tensiunea muscular\" \/>\n<meta name=\"robots\" content=\"index, follow, max-snippet:-1, max-image-preview:large, max-video-preview:-1\" \/>\n<link rel=\"canonical\" href=\"https:\/\/zencospa.ro\/en\/thaimassage\/\" \/>\n<meta property=\"og:locale\" content=\"en_US\" \/>\n<meta property=\"og:type\" content=\"article\" \/>\n<meta property=\"og:title\" content=\"Masaj Thailandez - ZENco SPA\" \/>\n<meta property=\"og:description\" content=\"Masaj Thailandez la ZENco SPA. Descoper\u0103 cum tehnicile unice pot cre\u0219te for\u021ba, flexibilitatea \u0219i alina tensiunea muscular\" \/>\n<meta property=\"og:url\" content=\"https:\/\/zencospa.ro\/en\/thaimassage\/\" \/>\n<meta property=\"og:site_name\" content=\"ZENco SPA\" \/>\n<meta property=\"article:publisher\" content=\"https:\/\/www.facebook.com\/ZENcoSPA\/\" \/>\n<meta property=\"article:modified_time\" content=\"2024-01-12T07:58:11+00:00\" \/>\n<meta property=\"og:image\" content=\"https:\/\/zencospa.ro\/wp-content\/uploads\/2023\/11\/Thaico-SPA-c-razvanfotograv-688-scaled.jpg\" \/>\n\t<meta property=\"og:image:width\" content=\"2560\" \/>\n\t<meta property=\"og:image:height\" content=\"1708\" \/>\n\t<meta property=\"og:image:type\" content=\"image\/jpeg\" \/>\n<meta name=\"twitter:card\" content=\"summary_large_image\" \/>\n<meta name=\"twitter:label1\" content=\"Est. reading time\" \/>\n\t<meta name=\"twitter:data1\" content=\"6 minutes\" \/>\n<script type=\"application\/ld+json\" class=\"yoast-schema-graph\">{\"@context\":\"https:\\\/\\\/schema.org\",\"@graph\":[{\"@type\":\"WebPage\",\"@id\":\"https:\\\/\\\/zencospa.ro\\\/masaj-thailandez\\\/\",\"url\":\"https:\\\/\\\/zencospa.ro\\\/masaj-thailandez\\\/\",\"name\":\"Masaj Thailandez - ZENco SPA\",\"isPartOf\":{\"@id\":\"https:\\\/\\\/zencospa.ro\\\/#website\"},\"primaryImageOfPage\":{\"@id\":\"https:\\\/\\\/zencospa.ro\\\/masaj-thailandez\\\/#primaryimage\"},\"image\":{\"@id\":\"https:\\\/\\\/zencospa.ro\\\/masaj-thailandez\\\/#primaryimage\"},\"thumbnailUrl\":\"https:\\\/\\\/zencospa.ro\\\/wp-content\\\/uploads\\\/2023\\\/11\\\/Thaico-SPA-c-razvanfotograv-688-scaled.jpg\",\"datePublished\":\"2023-06-11T20:33:20+00:00\",\"dateModified\":\"2024-01-12T07:58:11+00:00\",\"description\":\"Masaj Thailandez la ZENco SPA. Descoper\u0103 cum tehnicile unice pot cre\u0219te for\u021ba, flexibilitatea \u0219i alina tensiunea muscular\",\"breadcrumb\":{\"@id\":\"https:\\\/\\\/zencospa.ro\\\/masaj-thailandez\\\/#breadcrumb\"},\"inLanguage\":\"en-US\",\"potentialAction\":[{\"@type\":\"ReadAction\",\"target\":[\"https:\\\/\\\/zencospa.ro\\\/masaj-thailandez\\\/\"]}]},{\"@type\":\"ImageObject\",\"inLanguage\":\"en-US\",\"@id\":\"https:\\\/\\\/zencospa.ro\\\/masaj-thailandez\\\/#primaryimage\",\"url\":\"https:\\\/\\\/zencospa.ro\\\/wp-content\\\/uploads\\\/2023\\\/11\\\/Thaico-SPA-c-razvanfotograv-688-scaled.jpg\",\"contentUrl\":\"https:\\\/\\\/zencospa.ro\\\/wp-content\\\/uploads\\\/2023\\\/11\\\/Thaico-SPA-c-razvanfotograv-688-scaled.jpg\",\"width\":2560,\"height\":1708},{\"@type\":\"BreadcrumbList\",\"@id\":\"https:\\\/\\\/zencospa.ro\\\/masaj-thailandez\\\/#breadcrumb\",\"itemListElement\":[{\"@type\":\"ListItem\",\"position\":1,\"name\":\"Prima pagin\u0103\",\"item\":\"https:\\\/\\\/zencospa.ro\\\/\"},{\"@type\":\"ListItem\",\"position\":2,\"name\":\"Masaj Thailandez\"}]},{\"@type\":\"WebSite\",\"@id\":\"https:\\\/\\\/zencospa.ro\\\/#website\",\"url\":\"https:\\\/\\\/zencospa.ro\\\/\",\"name\":\"ZENco SPA\",\"description\":\"\",\"potentialAction\":[{\"@type\":\"SearchAction\",\"target\":{\"@type\":\"EntryPoint\",\"urlTemplate\":\"https:\\\/\\\/zencospa.ro\\\/?s={search_term_string}\"},\"query-input\":{\"@type\":\"PropertyValueSpecification\",\"valueRequired\":true,\"valueName\":\"search_term_string\"}}],\"inLanguage\":\"en-US\"}]}<\/script>\n<!-- \/ Yoast SEO plugin. -->","yoast_head_json":{"title":"Thai Massage - ZENco SPA","description":"Thai massage at ZENco SPA. Discover how unique techniques can increase strength, flexibility and relieve muscle tension","robots":{"index":"index","follow":"follow","max-snippet":"max-snippet:-1","max-image-preview":"max-image-preview:large","max-video-preview":"max-video-preview:-1"},"canonical":"https:\/\/zencospa.ro\/en\/thaimassage\/","og_locale":"en_US","og_type":"article","og_title":"Masaj Thailandez - ZENco SPA","og_description":"Masaj Thailandez la ZENco SPA. Descoper\u0103 cum tehnicile unice pot cre\u0219te for\u021ba, flexibilitatea \u0219i alina tensiunea muscular","og_url":"https:\/\/zencospa.ro\/en\/thaimassage\/","og_site_name":"ZENco SPA","article_publisher":"https:\/\/www.facebook.com\/ZENcoSPA\/","article_modified_time":"2024-01-12T07:58:11+00:00","og_image":[{"width":2560,"height":1708,"url":"https:\/\/zencospa.ro\/wp-content\/uploads\/2023\/11\/Thaico-SPA-c-razvanfotograv-688-scaled.jpg","type":"image\/jpeg"}],"twitter_card":"summary_large_image","twitter_misc":{"Est. reading time":"6 minutes"},"schema":{"@context":"https:\/\/schema.org","@graph":[{"@type":"WebPage","@id":"https:\/\/zencospa.ro\/masaj-thailandez\/","url":"https:\/\/zencospa.ro\/masaj-thailandez\/","name":"Thai Massage - ZENco SPA","isPartOf":{"@id":"https:\/\/zencospa.ro\/#website"},"primaryImageOfPage":{"@id":"https:\/\/zencospa.ro\/masaj-thailandez\/#primaryimage"},"image":{"@id":"https:\/\/zencospa.ro\/masaj-thailandez\/#primaryimage"},"thumbnailUrl":"https:\/\/zencospa.ro\/wp-content\/uploads\/2023\/11\/Thaico-SPA-c-razvanfotograv-688-scaled.jpg","datePublished":"2023-06-11T20:33:20+00:00","dateModified":"2024-01-12T07:58:11+00:00","description":"Thai massage at ZENco SPA. Discover how unique techniques can increase strength, flexibility and relieve muscle tension","breadcrumb":{"@id":"https:\/\/zencospa.ro\/masaj-thailandez\/#breadcrumb"},"inLanguage":"en-US","potentialAction":[{"@type":"ReadAction","target":["https:\/\/zencospa.ro\/masaj-thailandez\/"]}]},{"@type":"ImageObject","inLanguage":"en-US","@id":"https:\/\/zencospa.ro\/masaj-thailandez\/#primaryimage","url":"https:\/\/zencospa.ro\/wp-content\/uploads\/2023\/11\/Thaico-SPA-c-razvanfotograv-688-scaled.jpg","contentUrl":"https:\/\/zencospa.ro\/wp-content\/uploads\/2023\/11\/Thaico-SPA-c-razvanfotograv-688-scaled.jpg","width":2560,"height":1708},{"@type":"BreadcrumbList","@id":"https:\/\/zencospa.ro\/masaj-thailandez\/#breadcrumb","itemListElement":[{"@type":"ListItem","position":1,"name":"Prima pagin\u0103","item":"https:\/\/zencospa.ro\/"},{"@type":"ListItem","position":2,"name":"Masaj Thailandez"}]},{"@type":"WebSite","@id":"https:\/\/zencospa.ro\/#website","url":"https:\/\/zencospa.ro\/","name":"ZENco SPA","description":"","potentialAction":[{"@type":"SearchAction","target":{"@type":"EntryPoint","urlTemplate":"https:\/\/zencospa.ro\/?s={search_term_string}"},"query-input":{"@type":"PropertyValueSpecification","valueRequired":true,"valueName":"search_term_string"}}],"inLanguage":"en-US"}]}},"_links":{"self":[{"href":"https:\/\/zencospa.ro\/en\/wp-json\/wp\/v2\/pages\/47832","targetHints":{"allow":["GET"]}}],"collection":[{"href":"https:\/\/zencospa.ro\/en\/wp-json\/wp\/v2\/pages"}],"about":[{"href":"https:\/\/zencospa.ro\/en\/wp-json\/wp\/v2\/types\/page"}],"author":[{"embeddable":true,"href":"https:\/\/zencospa.ro\/en\/wp-json\/wp\/v2\/users\/73"}],"replies":[{"embeddable":true,"href":"https:\/\/zencospa.ro\/en\/wp-json\/wp\/v2\/comments?post=47832"}],"version-history":[{"count":0,"href":"https:\/\/zencospa.ro\/en\/wp-json\/wp\/v2\/pages\/47832\/revisions"}],"wp:featuredmedia":[{"embeddable":true,"href":"https:\/\/zencospa.ro\/en\/wp-json\/wp\/v2\/media\/53173"}],"wp:attachment":[{"href":"https:\/\/zencospa.ro\/en\/wp-json\/wp\/v2\/media?parent=47832"}],"curies":[{"name":"wp","href":"https:\/\/api.w.org\/{rel}","templated":true}]}}